{"id":699,"date":"2019-07-17T16:13:10","date_gmt":"2019-07-17T16:13:10","guid":{"rendered":"https:\/\/senzucoffee.com\/?post_type=product&#038;p=699"},"modified":"2024-03-03T12:29:37","modified_gmt":"2024-03-03T12:29:37","slug":"cafe-colombia","status":"publish","type":"product","link":"https:\/\/senzucoffee.com\/en\/product\/cafe-colombia\/","title":{"rendered":"Colombia"},"content":{"rendered":"<h2><strong>About El Renacer<\/strong><\/h2>\n<p><strong>About El Renacer<\/strong><br \/>\nEl Renacer, the farm located at the top of the mountain and decided to experiment with varietals and started with P. boutbon. For the 2023 harvest, the new processing center was o\u001fcially launched in which co\u001eee protocols are being developed in bioreactors, seeking to stabilize the cup pro\u001dles in greater volume and allowing them to be replicated consistently. This is the o\u001fcial \u001drst crop of our P. Bourbon.<br \/>\nManual picking of only ripe cherries. A \u001coaters process is carried out upon arrival at the mill to \nclean and remove the less dense cherries. The co\u001eee starts an oxidation process of 10 hours. \nThe next morning, the cherries go through manual sorting. Afterwards, we \ndepulp and start an anaerobic fermentation of 18 hours in plastic tanks.<br \/>\nDrying process done with mechanical silo with 3 level to have a more costant drying phase. \nDried for 5 days taking special care that co\u001eee does not go beyond 35 degrees celsius. Co\u001eee \nwith EP preparation with 95% above screen size 15. Moisture level of 10,8% and water activity \nof 0,58.<\/p>\n<p>Do you want to find more specialty coffees <a href=\"https:\/\/senzucoffee.com\/#specialty-coffees\"><\/a>?<\/p>","protected":false},"excerpt":{"rendered":"<ul>\n<li>250g whole bean specialty coffee<\/li>\n<\/ul>\n<ul>\n<li><strong>Region\/Farm:<\/strong>\u00a0Caldas, Finca El Renacer<\/li>\n<li><strong>Process:<\/strong>\u00a0Washed<\/li>\n<li><strong>Variety:<\/strong>\u00a0Pink Bourbon<\/li>\n<li><strong>Aroma\/Flavour:<\/strong>\u00a0Grapefruit; Pomegranate; Vanilla; Brown Sugar<\/li>\n<li><strong>Altitude: <\/strong>1750m<\/li>\n<li><strong>Grade:<\/strong>\u00a088\/100<\/li>\n<li><strong>Roast:\u00a0<\/strong>88\u00b13 Agtron (light)<\/li>\n<\/ul>\n<p><span style=\"color: #ffffff; background-color: #e7ae39;\">A fresh roast is essential for the coffee to be at its prime, so we only roast it after you place your order. We roast once a week, and the coffee is sent to you the day after that.<\/span><\/p>","protected":false},"featured_media":14085,"template":"","meta":[],"yoast_head":"<!-- This site is optimized with the Yoast SEO plugin v15.6.2 - https:\/\/yoast.com\/wordpress\/plugins\/seo\/ -->\n<title>Caf\u00e9 da Colombia \u00b7 Senzu Coffee Roasters \u00b7 Caf\u00e9s de Especialidade<\/title>\n<meta name=\"description\" content=\"Gr\u00e3o de caf\u00e9 de especialidade da regi\u00e3o de Caldas, Colombia. Plantado \u00e0 altitude de 1750m, tem sabor Baunilha, Toranja. Encomenda j\u00e1!\" \/>\n<meta name=\"robots\" content=\"index, follow, max-snippet:-1, max-image-preview:large, max-video-preview:-1\" \/>\n<link rel=\"canonical\" href=\"https:\/\/senzucoffee.com\/en\/product\/cafe-colombia\/\" \/>\n<meta property=\"og:locale\" content=\"en_GB\" \/>\n<meta property=\"og:type\" content=\"article\" \/>\n<meta property=\"og:title\" content=\"Caf\u00e9 da Colombia \u00b7 Senzu Coffee Roasters \u00b7 Caf\u00e9s de Especialidade\" \/>\n<meta property=\"og:description\" content=\"Gr\u00e3o de caf\u00e9 de especialidade da regi\u00e3o de Caldas, Colombia. Plantado \u00e0 altitude de 1750m, tem sabor Baunilha, Toranja. Encomenda j\u00e1!\" \/>\n<meta property=\"og:url\" content=\"https:\/\/senzucoffee.com\/en\/product\/cafe-colombia\/\" \/>\n<meta property=\"og:site_name\" content=\"SENZU COFFEE ROASTERS\" \/>\n<meta property=\"article:publisher\" content=\"https:\/\/www.facebook.com\/senzucoffeeroasters\/\" \/>\n<meta property=\"article:modified_time\" content=\"2024-03-03T12:29:37+00:00\" \/>\n<meta property=\"og:image\" content=\"https:\/\/senzucoffee.com\/wp-content\/uploads\/2019\/07\/Colombia-Jorge-Rojas-Website.jpg\" \/>\n\t<meta property=\"og:image:width\" content=\"2000\" \/>\n\t<meta property=\"og:image:height\" content=\"2000\" \/>\n<meta name=\"twitter:card\" content=\"summary_large_image\" \/>\n<meta name=\"twitter:label1\" content=\"Estimated reading time\">\n\t<meta name=\"twitter:data1\" content=\"1 minute\">\n<script type=\"application\/ld+json\" class=\"yoast-schema-graph\">{\"@context\":\"https:\/\/schema.org\",\"@graph\":[{\"@type\":\"Organization\",\"@id\":\"https:\/\/senzucoffee.com\/#organization\",\"name\":\"Senzu Coffee Roasters\",\"url\":\"https:\/\/senzucoffee.com\/\",\"sameAs\":[\"https:\/\/www.facebook.com\/senzucoffeeroasters\/\",\"https:\/\/www.instagram.com\/senzucoffeeroasters\"],\"logo\":{\"@type\":\"ImageObject\",\"@id\":\"https:\/\/senzucoffee.com\/#logo\",\"inLanguage\":\"en-GB\",\"url\":\"https:\/\/senzucoffee.com\/wp-content\/uploads\/2019\/07\/Backgroung_Senzu_f.jpg\",\"width\":2047,\"height\":1365,\"caption\":\"Senzu Coffee Roasters\"},\"image\":{\"@id\":\"https:\/\/senzucoffee.com\/#logo\"}},{\"@type\":\"WebSite\",\"@id\":\"https:\/\/senzucoffee.com\/#website\",\"url\":\"https:\/\/senzucoffee.com\/\",\"name\":\"SENZU COFFEE ROASTERS\",\"description\":\"Caf\\u00e9s de Especialidade\",\"publisher\":{\"@id\":\"https:\/\/senzucoffee.com\/#organization\"},\"potentialAction\":[{\"@type\":\"SearchAction\",\"target\":\"https:\/\/senzucoffee.com\/?s={search_term_string}\",\"query-input\":\"required name=search_term_string\"}],\"inLanguage\":\"en-GB\"},{\"@type\":\"ImageObject\",\"@id\":\"https:\/\/senzucoffee.com\/produto\/cafe-colombia\/#primaryimage\",\"inLanguage\":\"en-GB\",\"url\":\"https:\/\/senzucoffee.com\/wp-content\/uploads\/2019\/07\/Colombia-Jorge-Rojas-Website.jpg\",\"width\":2000,\"height\":2000},{\"@type\":\"WebPage\",\"@id\":\"https:\/\/senzucoffee.com\/produto\/cafe-colombia\/#webpage\",\"url\":\"https:\/\/senzucoffee.com\/produto\/cafe-colombia\/\",\"name\":\"Caf\\u00e9 da Colombia \\u00b7 Senzu Coffee Roasters \\u00b7 Caf\\u00e9s de Especialidade\",\"isPartOf\":{\"@id\":\"https:\/\/senzucoffee.com\/#website\"},\"primaryImageOfPage\":{\"@id\":\"https:\/\/senzucoffee.com\/produto\/cafe-colombia\/#primaryimage\"},\"datePublished\":\"2019-07-17T16:13:10+00:00\",\"dateModified\":\"2024-03-03T12:29:37+00:00\",\"description\":\"Gr\\u00e3o de caf\\u00e9 de especialidade da regi\\u00e3o de Caldas, Colombia. Plantado \\u00e0 altitude de 1750m, tem sabor Baunilha, Toranja. Encomenda j\\u00e1!\",\"inLanguage\":\"en-GB\",\"potentialAction\":[{\"@type\":\"ReadAction\",\"target\":[\"https:\/\/senzucoffee.com\/produto\/cafe-colombia\/\"]}]}]}<\/script>\n<!-- \/ Yoast SEO plugin. -->","_links":{"self":[{"href":"https:\/\/senzucoffee.com\/en\/wp-json\/wp\/v2\/product\/699"}],"collection":[{"href":"https:\/\/senzucoffee.com\/en\/wp-json\/wp\/v2\/product"}],"about":[{"href":"https:\/\/senzucoffee.com\/en\/wp-json\/wp\/v2\/types\/product"}],"wp:featuredmedia":[{"embeddable":true,"href":"https:\/\/senzucoffee.com\/en\/wp-json\/wp\/v2\/media\/14085"}],"wp:attachment":[{"href":"https:\/\/senzucoffee.com\/en\/wp-json\/wp\/v2\/media?parent=699"}],"curies":[{"name":"wp","href":"https:\/\/api.w.org\/{rel}","templated":true}]}}