{"id":346,"date":"2019-05-16T14:54:25","date_gmt":"2019-05-16T14:54:25","guid":{"rendered":"https:\/\/senzucoffee.com\/?post_type=product&#038;p=346"},"modified":"2020-07-13T10:31:27","modified_gmt":"2020-07-13T10:31:27","slug":"coffee-burundi-3x1","status":"publish","type":"product","link":"https:\/\/senzucoffee.com\/en\/product\/coffee-burundi-3x1\/","title":{"rendered":"3X1"},"content":{"rendered":"","protected":false},"excerpt":{"rendered":"<ul>\n<li>Box with 3 packages of 150g specialty coffee beans<\/li>\n<\/ul>\n<ul>\n<li><strong>Region\/Farm:<\/strong>\u00a0Burundi Kayanza Munkaze<\/li>\n<li><strong>Process:<\/strong>\u00a0Natural<\/li>\n<li><strong>Variety:<\/strong>\u00a0Bourbon<\/li>\n<li><strong>Aroma\/Flavour:<\/strong>\u00a0Vanilla, Caramel, Raspberry, Plum<\/li>\n<li><strong>Altitude:<\/strong>\u00a01800m<\/li>\n<li><strong>Grade:<\/strong>\u00a0Collaboration and fellowship between 3 roasters<\/li>\n<li><strong>Roast:\u00a0<\/strong>Each roaster made its own roast profile: Senzu, 7groasters, Vernazza<\/li>\n<\/ul>\n<p><span style=\"color: #ffffff; background-color: #e7ae39;\">A fresh roast is essential for the coffee to be at its prime, so we only roast it after you place your order. We roast once a week, and the coffee is sent to you the day after that.<\/span><\/p>","protected":false},"featured_media":11979,"template":"","meta":[],"yoast_head":"<!-- This site is optimized with the Yoast SEO plugin v15.6.2 - https:\/\/yoast.com\/wordpress\/plugins\/seo\/ -->\n<title>3X1 - SENZU COFFEE ROASTERS<\/title>\n<meta name=\"robots\" content=\"index, follow, max-snippet:-1, max-image-preview:large, max-video-preview:-1\" \/>\n<link rel=\"canonical\" href=\"https:\/\/senzucoffee.com\/en\/product\/coffee-burundi-3x1\/\" \/>\n<meta property=\"og:locale\" content=\"en_GB\" \/>\n<meta property=\"og:type\" content=\"article\" \/>\n<meta property=\"og:title\" content=\"3X1 - SENZU COFFEE ROASTERS\" \/>\n<meta property=\"og:description\" content=\"Caixa com 3 embalagens 150g gr\u00e3o caf\u00e9 de especialidade    Regi\u00e3o\/Fazenda:\u00a0Burundi Kayanza Munkaze  Processo:\u00a0Natural  Varietal:\u00a0Bourbon  Aroma\/Sabor:\u00a0Baunilha, Caramelo, Framboesa, Ameixa  Altitude:\u00a01800m  Nota:\u00a0Colabora\u00e7\u00e3o e camaradagem de 3 torrefa\u00e7\u00f5es  Torra:\u00a0cada torrador desenhou o seu perfil de torra; Senzu, 7groasters, Vernazza  Uma torra fresca \u00e9 essencial para que o caf\u00e9 esteja no seu melhor, por isso, s\u00f3 torramos o nosso caf\u00e9 depois de fazeres a encomenda. Torramos uma vez por semana e o caf\u00e9 segue viagem at\u00e9 ti no dia seguinte.\" \/>\n<meta property=\"og:url\" content=\"https:\/\/senzucoffee.com\/en\/product\/coffee-burundi-3x1\/\" \/>\n<meta property=\"og:site_name\" content=\"SENZU COFFEE ROASTERS\" \/>\n<meta property=\"article:publisher\" content=\"https:\/\/www.facebook.com\/senzucoffeeroasters\/\" \/>\n<meta property=\"article:modified_time\" content=\"2020-07-13T10:31:27+00:00\" \/>\n<meta property=\"og:image\" content=\"https:\/\/senzucoffee.com\/wp-content\/uploads\/2019\/05\/3x1-Post-Part-2.png\" \/>\n\t<meta property=\"og:image:width\" content=\"2161\" \/>\n\t<meta property=\"og:image:height\" content=\"2161\" \/>\n<meta name=\"twitter:card\" content=\"summary_large_image\" \/>\n<script type=\"application\/ld+json\" class=\"yoast-schema-graph\">{\"@context\":\"https:\/\/schema.org\",\"@graph\":[{\"@type\":\"Organization\",\"@id\":\"https:\/\/senzucoffee.com\/#organization\",\"name\":\"Senzu Coffee Roasters\",\"url\":\"https:\/\/senzucoffee.com\/\",\"sameAs\":[\"https:\/\/www.facebook.com\/senzucoffeeroasters\/\",\"https:\/\/www.instagram.com\/senzucoffeeroasters\"],\"logo\":{\"@type\":\"ImageObject\",\"@id\":\"https:\/\/senzucoffee.com\/#logo\",\"inLanguage\":\"en-GB\",\"url\":\"https:\/\/senzucoffee.com\/wp-content\/uploads\/2019\/07\/Backgroung_Senzu_f.jpg\",\"width\":2047,\"height\":1365,\"caption\":\"Senzu Coffee Roasters\"},\"image\":{\"@id\":\"https:\/\/senzucoffee.com\/#logo\"}},{\"@type\":\"WebSite\",\"@id\":\"https:\/\/senzucoffee.com\/#website\",\"url\":\"https:\/\/senzucoffee.com\/\",\"name\":\"SENZU COFFEE ROASTERS\",\"description\":\"Caf\\u00e9s de Especialidade\",\"publisher\":{\"@id\":\"https:\/\/senzucoffee.com\/#organization\"},\"potentialAction\":[{\"@type\":\"SearchAction\",\"target\":\"https:\/\/senzucoffee.com\/?s={search_term_string}\",\"query-input\":\"required name=search_term_string\"}],\"inLanguage\":\"en-GB\"},{\"@type\":\"ImageObject\",\"@id\":\"https:\/\/senzucoffee.com\/produto\/coffee-burundi-3x1\/#primaryimage\",\"inLanguage\":\"en-GB\",\"url\":\"https:\/\/senzucoffee.com\/wp-content\/uploads\/2019\/05\/3x1-Post-Part-2.png\",\"width\":2161,\"height\":2161},{\"@type\":\"WebPage\",\"@id\":\"https:\/\/senzucoffee.com\/produto\/coffee-burundi-3x1\/#webpage\",\"url\":\"https:\/\/senzucoffee.com\/produto\/coffee-burundi-3x1\/\",\"name\":\"3X1 - SENZU COFFEE ROASTERS\",\"isPartOf\":{\"@id\":\"https:\/\/senzucoffee.com\/#website\"},\"primaryImageOfPage\":{\"@id\":\"https:\/\/senzucoffee.com\/produto\/coffee-burundi-3x1\/#primaryimage\"},\"datePublished\":\"2019-05-16T14:54:25+00:00\",\"dateModified\":\"2020-07-13T10:31:27+00:00\",\"inLanguage\":\"en-GB\",\"potentialAction\":[{\"@type\":\"ReadAction\",\"target\":[\"https:\/\/senzucoffee.com\/produto\/coffee-burundi-3x1\/\"]}]}]}<\/script>\n<!-- \/ Yoast SEO plugin. -->","_links":{"self":[{"href":"https:\/\/senzucoffee.com\/en\/wp-json\/wp\/v2\/product\/346"}],"collection":[{"href":"https:\/\/senzucoffee.com\/en\/wp-json\/wp\/v2\/product"}],"about":[{"href":"https:\/\/senzucoffee.com\/en\/wp-json\/wp\/v2\/types\/product"}],"wp:featuredmedia":[{"embeddable":true,"href":"https:\/\/senzucoffee.com\/en\/wp-json\/wp\/v2\/media\/11979"}],"wp:attachment":[{"href":"https:\/\/senzucoffee.com\/en\/wp-json\/wp\/v2\/media?parent=346"}],"curies":[{"name":"wp","href":"https:\/\/api.w.org\/{rel}","templated":true}]}}