{"id":236,"date":"2019-05-07T11:25:55","date_gmt":"2019-05-07T11:25:55","guid":{"rendered":"https:\/\/senzucoffee.com\/?post_type=product&#038;p=236"},"modified":"2025-06-12T17:29:58","modified_gmt":"2025-06-12T17:29:58","slug":"panama-coffee","status":"publish","type":"product","link":"https:\/\/senzucoffee.com\/en\/product\/panama-coffee\/","title":{"rendered":"Panam\u00e1"},"content":{"rendered":"<h2><strong>About Baru Black Mountain<\/strong><\/h2>\n<p><strong>About Baru Black Mountain<\/strong><\/p>\n<p>This coffee is produced at the Baru Black Mountain farm, situated at an altitude of between 1,350 and 1,500 metres in Chiriqui Province. It benefits from ideal production conditions, in terms of both its environment and climate. Grown in mineral-rich volcanic soil under natural shade, the cherries are harvested selectively by hand and dried by dehydration using a system of African beds placed inside an oven. An innovative preparation technique that gives this well-balanced and aromatically complex coffee its characteristic sweetness.<br \/>\nBaru Black Mountain is located in northern Panama, in the Chiriqui Province and near the La Amistad International Park, which is a UNESCO World Heritage Site. Standing 3,800 metres above sea level, Volcan Baru overlooks the national park and marks the country\u2019s highest point. The farm is named after the region\u2019s very dark volcanic soil. It is situated to the west of the volcano at an altitude of between 1,350 and 1,500 metres, midway between the cities of Volcan and Rio Sereno. It is an ideal environment for growing coffee. In addition to its mineral-rich soil, streams and century-old trees, which provide natural shade, it benefits from perfect weather conditions, all of which optimise production.<br \/>\nThe Baru Black Mountain farm is not only committed to environmentally-friendly farming practices, by using stream water to wash its harvested cherries for example, but also respects its workers, who receive medical and educational support for their families.<br \/>\nAn agricultural engineer, who helps producers improve the quality of their coffees, visited the Baru Black Mountain plantation in 2017. The aim being to help them experiment with natural and honey processes, never before used at the farm.<br \/>\nPedro Rodriguez Escribano is a former entrepreneur in the printing industry. After a successful career in Spain, he decided to invest in Panama, where he bought a cattle and coffee farm. Initially, he wanted to make a living from his cattle production, but it was not until he met his daughter and her future husband, a German coffee enthusiast, that he decided to expand his coffee production. For the past 10 years, Pedro has invested fully in his coffee farm and is constantly learning and improving his production methods. This includes the diversification of his varieties, which allows him to obtain very good quality coffees. On site, Ezequiel Batista, called Quielito is the manager and administrator of Baru Black Mountain. He manages the relationship with the producers, the processing and the harvests, and conveys the importance of good agronomic and post-harvest management, the conservation of biodiversity and the well-being of their employees.<\/p>\n<p>Do you want to find more specialty coffees <a href=\"https:\/\/senzucoffee.com\/#specialty-coffees\"><\/a>?<\/p>","protected":false},"excerpt":{"rendered":"<ul>\n<li>250g whole bean specialty coffee<\/li>\n<\/ul>\n<ul>\n<li><strong>Region\/Farm:<\/strong>\u00a0Baru Black Mountain<\/li>\n<li><strong>Process:<\/strong> Washed<\/li>\n<li><strong>Variety:<\/strong> Catua\u00ed, Caturra<\/li>\n<li><strong>Aroma\/Flavour:<\/strong> Milk Chocolate; Lime; Hazelnut; Macadamia<\/li>\n<li><strong>Altitude:<\/strong> 1600-1700m<\/li>\n<li><strong>Grade:<\/strong> 87\/100<\/li>\n<li><strong>Roast: <\/strong>87\u00b13 Agtron (light)<\/li>\n<\/ul>\n<p><span style=\"color: #ffffff; background-color: #c39f76;\">A fresh roast is essential for the coffee to be at its prime, so we only roast it after you place your order. We roast once a week, and the coffee is sent to you the day after that.<\/span><\/p>","protected":false},"featured_media":14953,"template":"","meta":[],"yoast_head":"<!-- This site is optimized with the Yoast SEO plugin v15.6.2 - https:\/\/yoast.com\/wordpress\/plugins\/seo\/ -->\n<title>Caf\u00e9 do Panama \u00b7 Senzu Coffee Roasters \u00b7 Caf\u00e9s de Especialidade<\/title>\n<meta name=\"description\" content=\"Gr\u00e3o caf\u00e9 de especialidade da regi\u00e3o Chiriqui, Panama. Plantado a uma altitude de 1500m, sabor Macadamia, Avel\u00e3. Encomenda j\u00e1!\" \/>\n<meta name=\"robots\" content=\"index, follow, max-snippet:-1, max-image-preview:large, max-video-preview:-1\" \/>\n<link rel=\"canonical\" href=\"https:\/\/senzucoffee.com\/en\/product\/panama-coffee\/\" \/>\n<meta property=\"og:locale\" content=\"en_GB\" \/>\n<meta property=\"og:type\" content=\"article\" \/>\n<meta property=\"og:title\" content=\"Caf\u00e9 do Panama \u00b7 Senzu Coffee Roasters \u00b7 Caf\u00e9s de Especialidade\" \/>\n<meta property=\"og:description\" content=\"Gr\u00e3o caf\u00e9 de especialidade da regi\u00e3o Chiriqui, Panama. Plantado a uma altitude de 1500m, sabor Macadamia, Avel\u00e3. Encomenda j\u00e1!\" \/>\n<meta property=\"og:url\" content=\"https:\/\/senzucoffee.com\/en\/product\/panama-coffee\/\" \/>\n<meta property=\"og:site_name\" content=\"SENZU COFFEE ROASTERS\" \/>\n<meta property=\"article:publisher\" content=\"https:\/\/www.facebook.com\/senzucoffeeroasters\/\" \/>\n<meta property=\"article:modified_time\" content=\"2025-06-12T17:29:58+00:00\" \/>\n<meta property=\"og:image\" content=\"https:\/\/senzucoffee.com\/wp-content\/uploads\/2019\/05\/02-25-PANAMA-MOCKUP.png\" \/>\n\t<meta property=\"og:image:width\" content=\"2056\" \/>\n\t<meta property=\"og:image:height\" content=\"2146\" \/>\n<meta name=\"twitter:card\" content=\"summary_large_image\" \/>\n<meta name=\"twitter:label1\" content=\"Estimated reading time\">\n\t<meta name=\"twitter:data1\" content=\"2 minutes\">\n<script type=\"application\/ld+json\" class=\"yoast-schema-graph\">{\"@context\":\"https:\/\/schema.org\",\"@graph\":[{\"@type\":\"Organization\",\"@id\":\"https:\/\/senzucoffee.com\/#organization\",\"name\":\"Senzu Coffee Roasters\",\"url\":\"https:\/\/senzucoffee.com\/\",\"sameAs\":[\"https:\/\/www.facebook.com\/senzucoffeeroasters\/\",\"https:\/\/www.instagram.com\/senzucoffeeroasters\"],\"logo\":{\"@type\":\"ImageObject\",\"@id\":\"https:\/\/senzucoffee.com\/#logo\",\"inLanguage\":\"en-GB\",\"url\":\"https:\/\/senzucoffee.com\/wp-content\/uploads\/2019\/07\/Backgroung_Senzu_f.jpg\",\"width\":2047,\"height\":1365,\"caption\":\"Senzu Coffee Roasters\"},\"image\":{\"@id\":\"https:\/\/senzucoffee.com\/#logo\"}},{\"@type\":\"WebSite\",\"@id\":\"https:\/\/senzucoffee.com\/#website\",\"url\":\"https:\/\/senzucoffee.com\/\",\"name\":\"SENZU COFFEE ROASTERS\",\"description\":\"Caf\\u00e9s de Especialidade\",\"publisher\":{\"@id\":\"https:\/\/senzucoffee.com\/#organization\"},\"potentialAction\":[{\"@type\":\"SearchAction\",\"target\":\"https:\/\/senzucoffee.com\/?s={search_term_string}\",\"query-input\":\"required name=search_term_string\"}],\"inLanguage\":\"en-GB\"},{\"@type\":\"ImageObject\",\"@id\":\"https:\/\/senzucoffee.com\/produto\/panama-coffee\/#primaryimage\",\"inLanguage\":\"en-GB\",\"url\":\"https:\/\/senzucoffee.com\/wp-content\/uploads\/2019\/05\/02-25-PANAMA-MOCKUP.png\",\"width\":2056,\"height\":2146},{\"@type\":\"WebPage\",\"@id\":\"https:\/\/senzucoffee.com\/produto\/panama-coffee\/#webpage\",\"url\":\"https:\/\/senzucoffee.com\/produto\/panama-coffee\/\",\"name\":\"Caf\\u00e9 do Panama \\u00b7 Senzu Coffee Roasters \\u00b7 Caf\\u00e9s de Especialidade\",\"isPartOf\":{\"@id\":\"https:\/\/senzucoffee.com\/#website\"},\"primaryImageOfPage\":{\"@id\":\"https:\/\/senzucoffee.com\/produto\/panama-coffee\/#primaryimage\"},\"datePublished\":\"2019-05-07T11:25:55+00:00\",\"dateModified\":\"2025-06-12T17:29:58+00:00\",\"description\":\"Gr\\u00e3o caf\\u00e9 de especialidade da regi\\u00e3o Chiriqui, Panama. Plantado a uma altitude de 1500m, sabor Macadamia, Avel\\u00e3. Encomenda j\\u00e1!\",\"inLanguage\":\"en-GB\",\"potentialAction\":[{\"@type\":\"ReadAction\",\"target\":[\"https:\/\/senzucoffee.com\/produto\/panama-coffee\/\"]}]}]}<\/script>\n<!-- \/ Yoast SEO plugin. -->","_links":{"self":[{"href":"https:\/\/senzucoffee.com\/en\/wp-json\/wp\/v2\/product\/236"}],"collection":[{"href":"https:\/\/senzucoffee.com\/en\/wp-json\/wp\/v2\/product"}],"about":[{"href":"https:\/\/senzucoffee.com\/en\/wp-json\/wp\/v2\/types\/product"}],"wp:featuredmedia":[{"embeddable":true,"href":"https:\/\/senzucoffee.com\/en\/wp-json\/wp\/v2\/media\/14953"}],"wp:attachment":[{"href":"https:\/\/senzucoffee.com\/en\/wp-json\/wp\/v2\/media?parent=236"}],"curies":[{"name":"wp","href":"https:\/\/api.w.org\/{rel}","templated":true}]}}