{"id":14921,"date":"2025-03-12T17:00:54","date_gmt":"2025-03-12T17:00:54","guid":{"rendered":"https:\/\/senzucoffee.com\/?post_type=product&#038;p=14921"},"modified":"2025-07-19T06:32:07","modified_gmt":"2025-07-19T06:32:07","slug":"ecuador-coffee","status":"publish","type":"product","link":"https:\/\/senzucoffee.com\/en\/product\/ecuador-coffee\/","title":{"rendered":"Equador"},"content":{"rendered":"<h2><strong>About Terrazas del Pisque<\/strong><\/h2>\n<p><strong>About Terrazas del Pisque<\/strong><\/p>\n<div>\n<div>By planting a forest in the middle of this arid and desert area to shelter his coffee trees with more than 25 different tree species, some of which are endemic, beehives for the production of honey, many honey plants that are used for produce essential oils to treat coffee trees naturally but also so that bees can take up residence there, fruit trees which have become a refuge for birds, leguminous plants which enrich the soil with nitrogen. These<\/div>\n<div>solutions for crop diversification, shade, natural treatment and soil enrichment allow him to grow his coffee with 0 pesticides.<\/div>\n<\/div>\n<p>Do you want to find more specialty coffees <a href=\"https:\/\/senzucoffee.com\/#specialty-coffees\"><\/a>?<\/p>","protected":false},"excerpt":{"rendered":"<ul>\n<li>250g whole bean specialty coffee<\/li>\n<\/ul>\n<ul>\n<li><strong>Region\/Farm:<\/strong> Terrazas del Pisque, Pichincha<\/li>\n<li><strong>Process:<\/strong> Natural<\/li>\n<li><strong>Variety:<\/strong> Caturra<\/li>\n<li><strong>Aroma\/Flavour:<\/strong> Prune; Cherry; Vanilla; Honey<\/li>\n<li><strong>Altitude: <\/strong>2000m<\/li>\n<li><strong>Grade:<\/strong> 89\/100<\/li>\n<li><strong>Roast:\u00a0<\/strong>89\u00b13 Agtron (light)<\/li>\n<\/ul>\n<p><span style=\"color: #ffffff; background-color: #e7ae39;\">A fresh roast is essential for the coffee to be at its prime, so we only roast it after you place your order. We roast once a week, and the coffee is sent to you the day after that.<\/span><\/p>","protected":false},"featured_media":15037,"template":"","meta":[],"yoast_head":"<!-- This site is optimized with the Yoast SEO plugin v15.6.2 - https:\/\/yoast.com\/wordpress\/plugins\/seo\/ -->\n<title>Caf\u00e9 do Equador \u00b7 Senzu Coffee Roasters \u00b7 Caf\u00e9s de Especialidade<\/title>\n<meta name=\"description\" content=\"Gr\u00e3o de caf\u00e9 de especialidade da regi\u00e3o de Pichincha, Equador. Plantado \u00e0 altitude de 2000m, tem sabor Cereja, Baunilha. Encomenda j\u00e1!\" \/>\n<meta name=\"robots\" content=\"index, follow, max-snippet:-1, max-image-preview:large, max-video-preview:-1\" \/>\n<link rel=\"canonical\" href=\"https:\/\/senzucoffee.com\/en\/product\/ecuador-coffee\/\" \/>\n<meta property=\"og:locale\" content=\"en_GB\" \/>\n<meta property=\"og:type\" content=\"article\" \/>\n<meta property=\"og:title\" content=\"Caf\u00e9 do Equador \u00b7 Senzu Coffee Roasters \u00b7 Caf\u00e9s de Especialidade\" \/>\n<meta property=\"og:description\" content=\"Gr\u00e3o de caf\u00e9 de especialidade da regi\u00e3o de Pichincha, Equador. Plantado \u00e0 altitude de 2000m, tem sabor Cereja, Baunilha. Encomenda j\u00e1!\" \/>\n<meta property=\"og:url\" content=\"https:\/\/senzucoffee.com\/en\/product\/ecuador-coffee\/\" \/>\n<meta property=\"og:site_name\" content=\"SENZU COFFEE ROASTERS\" \/>\n<meta property=\"article:publisher\" content=\"https:\/\/www.facebook.com\/senzucoffeeroasters\/\" \/>\n<meta property=\"article:modified_time\" content=\"2025-07-19T06:32:07+00:00\" \/>\n<meta property=\"og:image\" content=\"https:\/\/senzucoffee.com\/wp-content\/uploads\/2025\/03\/04-25-EQUADOR-MOCKUP.png\" \/>\n\t<meta property=\"og:image:width\" content=\"2056\" \/>\n\t<meta property=\"og:image:height\" content=\"2146\" \/>\n<meta name=\"twitter:card\" content=\"summary_large_image\" \/>\n<meta name=\"twitter:label1\" content=\"Estimated reading time\">\n\t<meta name=\"twitter:data1\" content=\"1 minute\">\n<script type=\"application\/ld+json\" class=\"yoast-schema-graph\">{\"@context\":\"https:\/\/schema.org\",\"@graph\":[{\"@type\":\"Organization\",\"@id\":\"https:\/\/senzucoffee.com\/#organization\",\"name\":\"Senzu Coffee Roasters\",\"url\":\"https:\/\/senzucoffee.com\/\",\"sameAs\":[\"https:\/\/www.facebook.com\/senzucoffeeroasters\/\",\"https:\/\/www.instagram.com\/senzucoffeeroasters\"],\"logo\":{\"@type\":\"ImageObject\",\"@id\":\"https:\/\/senzucoffee.com\/#logo\",\"inLanguage\":\"en-GB\",\"url\":\"https:\/\/senzucoffee.com\/wp-content\/uploads\/2019\/07\/Backgroung_Senzu_f.jpg\",\"width\":2047,\"height\":1365,\"caption\":\"Senzu Coffee Roasters\"},\"image\":{\"@id\":\"https:\/\/senzucoffee.com\/#logo\"}},{\"@type\":\"WebSite\",\"@id\":\"https:\/\/senzucoffee.com\/#website\",\"url\":\"https:\/\/senzucoffee.com\/\",\"name\":\"SENZU COFFEE ROASTERS\",\"description\":\"Caf\\u00e9s de Especialidade\",\"publisher\":{\"@id\":\"https:\/\/senzucoffee.com\/#organization\"},\"potentialAction\":[{\"@type\":\"SearchAction\",\"target\":\"https:\/\/senzucoffee.com\/?s={search_term_string}\",\"query-input\":\"required name=search_term_string\"}],\"inLanguage\":\"en-GB\"},{\"@type\":\"ImageObject\",\"@id\":\"https:\/\/senzucoffee.com\/produto\/ecuador-coffee\/#primaryimage\",\"inLanguage\":\"en-GB\",\"url\":\"https:\/\/senzucoffee.com\/wp-content\/uploads\/2025\/03\/04-25-EQUADOR-MOCKUP.png\",\"width\":2056,\"height\":2146},{\"@type\":\"WebPage\",\"@id\":\"https:\/\/senzucoffee.com\/produto\/ecuador-coffee\/#webpage\",\"url\":\"https:\/\/senzucoffee.com\/produto\/ecuador-coffee\/\",\"name\":\"Caf\\u00e9 do Equador \\u00b7 Senzu Coffee Roasters \\u00b7 Caf\\u00e9s de Especialidade\",\"isPartOf\":{\"@id\":\"https:\/\/senzucoffee.com\/#website\"},\"primaryImageOfPage\":{\"@id\":\"https:\/\/senzucoffee.com\/produto\/ecuador-coffee\/#primaryimage\"},\"datePublished\":\"2025-03-12T17:00:54+00:00\",\"dateModified\":\"2025-07-19T06:32:07+00:00\",\"description\":\"Gr\\u00e3o de caf\\u00e9 de especialidade da regi\\u00e3o de Pichincha, Equador. Plantado \\u00e0 altitude de 2000m, tem sabor Cereja, Baunilha. Encomenda j\\u00e1!\",\"inLanguage\":\"en-GB\",\"potentialAction\":[{\"@type\":\"ReadAction\",\"target\":[\"https:\/\/senzucoffee.com\/produto\/ecuador-coffee\/\"]}]}]}<\/script>\n<!-- \/ Yoast SEO plugin. -->","_links":{"self":[{"href":"https:\/\/senzucoffee.com\/en\/wp-json\/wp\/v2\/product\/14921"}],"collection":[{"href":"https:\/\/senzucoffee.com\/en\/wp-json\/wp\/v2\/product"}],"about":[{"href":"https:\/\/senzucoffee.com\/en\/wp-json\/wp\/v2\/types\/product"}],"wp:featuredmedia":[{"embeddable":true,"href":"https:\/\/senzucoffee.com\/en\/wp-json\/wp\/v2\/media\/15037"}],"wp:attachment":[{"href":"https:\/\/senzucoffee.com\/en\/wp-json\/wp\/v2\/media?parent=14921"}],"curies":[{"name":"wp","href":"https:\/\/api.w.org\/{rel}","templated":true}]}}