{"id":14744,"date":"2024-12-03T16:58:56","date_gmt":"2024-12-03T16:58:56","guid":{"rendered":"https:\/\/senzucoffee.com\/?post_type=product&#038;p=14744"},"modified":"2025-04-01T14:58:21","modified_gmt":"2025-04-01T14:58:21","slug":"indonesia-coffee","status":"publish","type":"product","link":"https:\/\/senzucoffee.com\/en\/product\/indonesia-coffee\/","title":{"rendered":"Indon\u00e9sia"},"content":{"rendered":"<h2><strong>About Asman Gayo<\/strong><\/h2>\n<p><strong>About Asman Gayo<\/strong><\/p>\n<p>This coffee comes from a small mill in the Pegasing district of Takengon, in Sumatra's coffee-famous Aceh region ran by Cup of Excellence winner Asman Arianto. The Asman Gayo mill serves several small coffee producers within the Pantan Musara villages. Several years ago, these producers were dislocated from their homes and land because of a natural disaster, and they have rebuilt their lives and farms with a new focus on coffee. Unlike the vast majority of other Sumatran coffee receiving and processing centers, this mill is producing Washed coffees, as well as Naturals.<br \/>\nMicrolots from Sumatra are most commonly traceable to the mill level, but occasionally traceable to the producer. Because of the generally small size of farms in Sumatra, most produers' coffee is blended together with that of other smallholders. Microlot coffees not only have more traceability than those blended lots, but also achieve the highest quality and are rewarded with the highest prices.<br \/>\nAlthough this offering is not traceable to specific varieties, it is likely comprised of the most common varieties grown in Sumatra, which are Ateng, Bor Bor, Catimor, and Timor hybrids.<br \/>\nAceh, in northern Sumatra, is an incredible region for coffee production. The average farm is one hectare, 80% of producers within northern Sumatra are women, and 95% of producers are smallholders. The region is diverse, geographically speaking. It is surrounded by beaches with a swampy inland, and the Barisan Mountains make up the inner two-thirds of the area. Coffee is grown on this volcanic mountain amongst the rainforest. One of the notable features of this area is Lake Taboa, the largest volcanic lake in the world.<\/p>\n<p>Do you want to find more specialty coffees <a href=\"https:\/\/senzucoffee.com\/#specialty-coffees\"><\/a>?<\/p>","protected":false},"excerpt":{"rendered":"<ul>\n<li>250g whole bean specialty coffee<\/li>\n<\/ul>\n<ul>\n<li><strong>Region\/Farm:<\/strong> Asman Gayo, Aceh<\/li>\n<li><strong>Process:<\/strong> Natural<\/li>\n<li><strong>Variety:<\/strong> Ateng, Bor Bor, Catimor<\/li>\n<li><strong>Aroma\/Flavour:<\/strong> Chocolate; Cooked Cherry, Winey; Clove<\/li>\n<li><strong>Altitude: <\/strong>1300-1650m<\/li>\n<li><strong>Grade:<\/strong>\u00a087\/100<\/li>\n<li><strong>Roast:\u00a0<\/strong>89\u00b13 Agtron (light)<\/li>\n<\/ul>\n<p><span style=\"color: #ffffff; background-color: #e7ae39;\">A fresh roast is essential for the coffee to be at its prime, so we only roast it after you place your order. We roast once a week, and the coffee is sent to you the day after that.<\/span><\/p>","protected":false},"featured_media":14801,"template":"","meta":[],"yoast_head":"<!-- This site is optimized with the Yoast SEO plugin v15.6.2 - https:\/\/yoast.com\/wordpress\/plugins\/seo\/ -->\n<title>Caf\u00e9 da Indonesia \u00b7 Senzu Coffee Roasters \u00b7 Caf\u00e9s de Especialidade<\/title>\n<meta name=\"description\" content=\"Gr\u00e3o de caf\u00e9 de especialidade da regi\u00e3o de Aceh, Indonesia. Plantado \u00e0 altitude de 1650m, tem sabor Chocolate, Cereja. Encomenda j\u00e1!\" \/>\n<meta name=\"robots\" content=\"index, follow, max-snippet:-1, max-image-preview:large, max-video-preview:-1\" \/>\n<link rel=\"canonical\" href=\"https:\/\/senzucoffee.com\/en\/product\/indonesia-coffee\/\" \/>\n<meta property=\"og:locale\" content=\"en_GB\" \/>\n<meta property=\"og:type\" content=\"article\" \/>\n<meta property=\"og:title\" content=\"Caf\u00e9 da Indonesia \u00b7 Senzu Coffee Roasters \u00b7 Caf\u00e9s de Especialidade\" \/>\n<meta property=\"og:description\" content=\"Gr\u00e3o de caf\u00e9 de especialidade da regi\u00e3o de Aceh, Indonesia. Plantado \u00e0 altitude de 1650m, tem sabor Chocolate, Cereja. Encomenda j\u00e1!\" \/>\n<meta property=\"og:url\" content=\"https:\/\/senzucoffee.com\/en\/product\/indonesia-coffee\/\" \/>\n<meta property=\"og:site_name\" content=\"SENZU COFFEE ROASTERS\" \/>\n<meta property=\"article:publisher\" content=\"https:\/\/www.facebook.com\/senzucoffeeroasters\/\" \/>\n<meta property=\"article:modified_time\" content=\"2025-04-01T14:58:21+00:00\" \/>\n<meta property=\"og:image\" content=\"https:\/\/senzucoffee.com\/wp-content\/uploads\/2024\/12\/12-24-INDONESIA-MOCKUP.png\" \/>\n\t<meta property=\"og:image:width\" content=\"2056\" \/>\n\t<meta property=\"og:image:height\" content=\"2146\" \/>\n<meta name=\"twitter:card\" content=\"summary_large_image\" \/>\n<meta name=\"twitter:label1\" content=\"Estimated reading time\">\n\t<meta name=\"twitter:data1\" content=\"2 minutes\">\n<script type=\"application\/ld+json\" class=\"yoast-schema-graph\">{\"@context\":\"https:\/\/schema.org\",\"@graph\":[{\"@type\":\"Organization\",\"@id\":\"https:\/\/senzucoffee.com\/#organization\",\"name\":\"Senzu Coffee Roasters\",\"url\":\"https:\/\/senzucoffee.com\/\",\"sameAs\":[\"https:\/\/www.facebook.com\/senzucoffeeroasters\/\",\"https:\/\/www.instagram.com\/senzucoffeeroasters\"],\"logo\":{\"@type\":\"ImageObject\",\"@id\":\"https:\/\/senzucoffee.com\/#logo\",\"inLanguage\":\"en-GB\",\"url\":\"https:\/\/senzucoffee.com\/wp-content\/uploads\/2019\/07\/Backgroung_Senzu_f.jpg\",\"width\":2047,\"height\":1365,\"caption\":\"Senzu Coffee Roasters\"},\"image\":{\"@id\":\"https:\/\/senzucoffee.com\/#logo\"}},{\"@type\":\"WebSite\",\"@id\":\"https:\/\/senzucoffee.com\/#website\",\"url\":\"https:\/\/senzucoffee.com\/\",\"name\":\"SENZU COFFEE ROASTERS\",\"description\":\"Caf\\u00e9s de Especialidade\",\"publisher\":{\"@id\":\"https:\/\/senzucoffee.com\/#organization\"},\"potentialAction\":[{\"@type\":\"SearchAction\",\"target\":\"https:\/\/senzucoffee.com\/?s={search_term_string}\",\"query-input\":\"required name=search_term_string\"}],\"inLanguage\":\"en-GB\"},{\"@type\":\"ImageObject\",\"@id\":\"https:\/\/senzucoffee.com\/produto\/indonesia-coffee\/#primaryimage\",\"inLanguage\":\"en-GB\",\"url\":\"https:\/\/senzucoffee.com\/wp-content\/uploads\/2024\/12\/12-24-INDONESIA-MOCKUP.png\",\"width\":2056,\"height\":2146},{\"@type\":\"WebPage\",\"@id\":\"https:\/\/senzucoffee.com\/produto\/indonesia-coffee\/#webpage\",\"url\":\"https:\/\/senzucoffee.com\/produto\/indonesia-coffee\/\",\"name\":\"Caf\\u00e9 da Indonesia \\u00b7 Senzu Coffee Roasters \\u00b7 Caf\\u00e9s de Especialidade\",\"isPartOf\":{\"@id\":\"https:\/\/senzucoffee.com\/#website\"},\"primaryImageOfPage\":{\"@id\":\"https:\/\/senzucoffee.com\/produto\/indonesia-coffee\/#primaryimage\"},\"datePublished\":\"2024-12-03T16:58:56+00:00\",\"dateModified\":\"2025-04-01T14:58:21+00:00\",\"description\":\"Gr\\u00e3o de caf\\u00e9 de especialidade da regi\\u00e3o de Aceh, Indonesia. Plantado \\u00e0 altitude de 1650m, tem sabor Chocolate, Cereja. Encomenda j\\u00e1!\",\"inLanguage\":\"en-GB\",\"potentialAction\":[{\"@type\":\"ReadAction\",\"target\":[\"https:\/\/senzucoffee.com\/produto\/indonesia-coffee\/\"]}]}]}<\/script>\n<!-- \/ Yoast SEO plugin. -->","_links":{"self":[{"href":"https:\/\/senzucoffee.com\/en\/wp-json\/wp\/v2\/product\/14744"}],"collection":[{"href":"https:\/\/senzucoffee.com\/en\/wp-json\/wp\/v2\/product"}],"about":[{"href":"https:\/\/senzucoffee.com\/en\/wp-json\/wp\/v2\/types\/product"}],"wp:featuredmedia":[{"embeddable":true,"href":"https:\/\/senzucoffee.com\/en\/wp-json\/wp\/v2\/media\/14801"}],"wp:attachment":[{"href":"https:\/\/senzucoffee.com\/en\/wp-json\/wp\/v2\/media?parent=14744"}],"curies":[{"name":"wp","href":"https:\/\/api.w.org\/{rel}","templated":true}]}}