{"id":1432,"date":"2019-08-02T10:14:33","date_gmt":"2019-08-02T10:14:33","guid":{"rendered":"https:\/\/senzucoffee.com\/?post_type=product&#038;p=1432"},"modified":"2025-03-01T21:29:26","modified_gmt":"2025-03-01T21:29:26","slug":"cafe-nicaragua","status":"publish","type":"product","link":"https:\/\/senzucoffee.com\/en\/product\/cafe-nicaragua\/","title":{"rendered":"Nicar\u00e1gua"},"content":{"rendered":"<h2><strong>About Finca Libre<\/strong><\/h2>\n<p><strong>About Finca Libre<\/strong><\/p>\n<div>Finca Libre is a medium-sized farm with 55 hectares of which 25 are maintained as forest\npreserved. It culminates at the top of the Mozonte mountain range above 1600m, which, in the context of Nicaragua, is a considerably high altitude. Pil Hoon Sue purchased Finca Libre in 2015, when it was still called Cerro del Cielo and only produced catuai.<\/div>\n<div>Pil renamed the farm \u201cFinca Libre\u201d in a spirit of\nfreedom and sharing. Strive to restore the planting, plot by plot, planting only genetically traceable varieties, which share with other producers in the region.<\/div>\n<p>Do you want to find more specialty coffees <a href=\"https:\/\/senzucoffee.com\/#specialty-coffees\"><\/a>?<\/p>","protected":false},"excerpt":{"rendered":"<ul>\n<li>250g whole bean specialty coffee<\/li>\n<\/ul>\n<ul>\n<li><strong>Region\/Farm:<\/strong> Finca Libre, Pil Hoon Sue<\/li>\n<li><strong>Process:<\/strong> Carbonic Maceration Natural<\/li>\n<li><strong>Variety:<\/strong> SL28, SL34<\/li>\n<li><strong>Aroma\/Flavour:<\/strong> Clementine; Cacao; Red Fruits Jam; Pineapple; Sparkling<\/li>\n<li><strong>Altitude: <\/strong>1400-1700m<\/li>\n<li><strong>Grade:<\/strong> 88\/100<\/li>\n<li><strong>Roast:<\/strong>89\u00b13 Agtron (light)<\/li>\n<\/ul>\n<p><span style=\"color: #ffffff; background-color: #e7ae39;\">A fresh roast is essential for the coffee to be at its prime, so we only roast it after you place your order. We roast once a week, and the coffee is sent to you the day after that.<\/span><\/p>","protected":false},"featured_media":14748,"template":"","meta":[],"yoast_head":"<!-- This site is optimized with the Yoast SEO plugin v15.6.2 - https:\/\/yoast.com\/wordpress\/plugins\/seo\/ -->\n<title>Caf\u00e9 da Nicar\u00e1gua - Senzu Coffee Roasters - Caf\u00e9s de Especialidade<\/title>\n<meta name=\"description\" content=\"Gr\u00e3o de caf\u00e9 de especialidade da regi\u00e3o Dipilto, da Nicar\u00e1gua. Plantado a uma altitude de 1500m, sabor Cacau, Anan\u00e1s. Encomenda j\u00e1!\" \/>\n<meta name=\"robots\" content=\"index, follow, max-snippet:-1, max-image-preview:large, max-video-preview:-1\" \/>\n<link rel=\"canonical\" href=\"https:\/\/senzucoffee.com\/en\/product\/cafe-nicaragua\/\" \/>\n<meta property=\"og:locale\" content=\"en_GB\" \/>\n<meta property=\"og:type\" content=\"article\" \/>\n<meta property=\"og:title\" content=\"Caf\u00e9 da Nicar\u00e1gua - Senzu Coffee Roasters - Caf\u00e9s de Especialidade\" \/>\n<meta property=\"og:description\" content=\"Gr\u00e3o de caf\u00e9 de especialidade da regi\u00e3o Dipilto, da Nicar\u00e1gua. Plantado a uma altitude de 1500m, sabor Cacau, Anan\u00e1s. Encomenda j\u00e1!\" \/>\n<meta property=\"og:url\" content=\"https:\/\/senzucoffee.com\/en\/product\/cafe-nicaragua\/\" \/>\n<meta property=\"og:site_name\" content=\"SENZU COFFEE ROASTERS\" \/>\n<meta property=\"article:publisher\" content=\"https:\/\/www.facebook.com\/senzucoffeeroasters\/\" \/>\n<meta property=\"article:modified_time\" content=\"2025-03-01T21:29:26+00:00\" \/>\n<meta property=\"og:image\" content=\"https:\/\/senzucoffee.com\/wp-content\/uploads\/2019\/08\/09-24-NICARAGUA-MOCKUP.png\" \/>\n\t<meta property=\"og:image:width\" content=\"2056\" \/>\n\t<meta property=\"og:image:height\" content=\"2146\" \/>\n<meta name=\"twitter:card\" content=\"summary_large_image\" \/>\n<meta name=\"twitter:label1\" content=\"Estimated reading time\">\n\t<meta name=\"twitter:data1\" content=\"1 minute\">\n<script type=\"application\/ld+json\" class=\"yoast-schema-graph\">{\"@context\":\"https:\/\/schema.org\",\"@graph\":[{\"@type\":\"Organization\",\"@id\":\"https:\/\/senzucoffee.com\/#organization\",\"name\":\"Senzu Coffee Roasters\",\"url\":\"https:\/\/senzucoffee.com\/\",\"sameAs\":[\"https:\/\/www.facebook.com\/senzucoffeeroasters\/\",\"https:\/\/www.instagram.com\/senzucoffeeroasters\"],\"logo\":{\"@type\":\"ImageObject\",\"@id\":\"https:\/\/senzucoffee.com\/#logo\",\"inLanguage\":\"en-GB\",\"url\":\"https:\/\/senzucoffee.com\/wp-content\/uploads\/2019\/07\/Backgroung_Senzu_f.jpg\",\"width\":2047,\"height\":1365,\"caption\":\"Senzu Coffee Roasters\"},\"image\":{\"@id\":\"https:\/\/senzucoffee.com\/#logo\"}},{\"@type\":\"WebSite\",\"@id\":\"https:\/\/senzucoffee.com\/#website\",\"url\":\"https:\/\/senzucoffee.com\/\",\"name\":\"SENZU COFFEE ROASTERS\",\"description\":\"Caf\\u00e9s de Especialidade\",\"publisher\":{\"@id\":\"https:\/\/senzucoffee.com\/#organization\"},\"potentialAction\":[{\"@type\":\"SearchAction\",\"target\":\"https:\/\/senzucoffee.com\/?s={search_term_string}\",\"query-input\":\"required name=search_term_string\"}],\"inLanguage\":\"en-GB\"},{\"@type\":\"ImageObject\",\"@id\":\"https:\/\/senzucoffee.com\/produto\/cafe-nicaragua\/#primaryimage\",\"inLanguage\":\"en-GB\",\"url\":\"https:\/\/senzucoffee.com\/wp-content\/uploads\/2019\/08\/09-24-NICARAGUA-MOCKUP.png\",\"width\":2056,\"height\":2146},{\"@type\":\"WebPage\",\"@id\":\"https:\/\/senzucoffee.com\/produto\/cafe-nicaragua\/#webpage\",\"url\":\"https:\/\/senzucoffee.com\/produto\/cafe-nicaragua\/\",\"name\":\"Caf\\u00e9 da Nicar\\u00e1gua - Senzu Coffee Roasters - Caf\\u00e9s de Especialidade\",\"isPartOf\":{\"@id\":\"https:\/\/senzucoffee.com\/#website\"},\"primaryImageOfPage\":{\"@id\":\"https:\/\/senzucoffee.com\/produto\/cafe-nicaragua\/#primaryimage\"},\"datePublished\":\"2019-08-02T10:14:33+00:00\",\"dateModified\":\"2025-03-01T21:29:26+00:00\",\"description\":\"Gr\\u00e3o de caf\\u00e9 de especialidade da regi\\u00e3o Dipilto, da Nicar\\u00e1gua. Plantado a uma altitude de 1500m, sabor Cacau, Anan\\u00e1s. Encomenda j\\u00e1!\",\"inLanguage\":\"en-GB\",\"potentialAction\":[{\"@type\":\"ReadAction\",\"target\":[\"https:\/\/senzucoffee.com\/produto\/cafe-nicaragua\/\"]}]}]}<\/script>\n<!-- \/ Yoast SEO plugin. -->","_links":{"self":[{"href":"https:\/\/senzucoffee.com\/en\/wp-json\/wp\/v2\/product\/1432"}],"collection":[{"href":"https:\/\/senzucoffee.com\/en\/wp-json\/wp\/v2\/product"}],"about":[{"href":"https:\/\/senzucoffee.com\/en\/wp-json\/wp\/v2\/types\/product"}],"wp:featuredmedia":[{"embeddable":true,"href":"https:\/\/senzucoffee.com\/en\/wp-json\/wp\/v2\/media\/14748"}],"wp:attachment":[{"href":"https:\/\/senzucoffee.com\/en\/wp-json\/wp\/v2\/media?parent=1432"}],"curies":[{"name":"wp","href":"https:\/\/api.w.org\/{rel}","templated":true}]}}