{"id":1429,"date":"2019-08-02T10:00:29","date_gmt":"2019-08-02T10:00:29","guid":{"rendered":"https:\/\/senzucoffee.com\/?post_type=product&#038;p=1429"},"modified":"2026-01-19T09:38:55","modified_gmt":"2026-01-19T09:38:55","slug":"elsalvador-coffee","status":"publish","type":"product","link":"https:\/\/senzucoffee.com\/en\/product\/elsalvador-coffee\/","title":{"rendered":"El Salvador"},"content":{"rendered":"<h2><strong>About Vega<\/strong><\/h2>\n<p><strong>About Vega<\/strong><br \/>\nVega is the star that gives its name to all of Andr\u00e9s Salaverr\u00eda's coffee plots in Apaneca-Ilamatepec. Each plot has its own identity, with unique flavours, aromas, and processes that make it shine.<\/p>\n<p>Like in a coffee universe, each producer names their plots after a star, and Vega is the one that stands out the most.<\/p>\n<p>Do you want to find more specialty coffees <a href=\"https:\/\/senzucoffee.com\/#specialty-coffees\"><\/a>?<\/p>","protected":false},"excerpt":{"rendered":"<ul>\n<li>250g whole bean specialty coffee<\/li>\n<\/ul>\n<ul>\n<li><strong>Region\/Farm:<\/strong> Vega &#8211; Andr\u00e9s Salaverr\u00eda<\/li>\n<li><strong>Process:<\/strong> Honey<\/li>\n<li><strong>Variety:<\/strong> Bourbon<\/li>\n<li><strong>Aroma\/Flavour:<\/strong> Dark brown caramel, Malt, Blackberry, Pear, Pineapple, Dark rose<\/li>\n<li><strong>Altitude: <\/strong>1600m<\/li>\n<li><strong>Grade:<\/strong> 88\/100<\/li>\n<li><strong>Roast:\u00a0<\/strong>90\u00b13\u00a0Agtron (clara)<\/li>\n<\/ul>\n<p><span style=\"color: #ffffff; background-color: #e7ae39;\">A fresh roast is essential for the coffee to be at its prime, so we only roast it after you place your order. We roast once a week, and the coffee is sent to you the day after that.<\/span><\/p>","protected":false},"featured_media":15408,"template":"","meta":[],"yoast_head":"<!-- This site is optimized with the Yoast SEO plugin v15.6.2 - https:\/\/yoast.com\/wordpress\/plugins\/seo\/ -->\n<title>Caf\u00e9 El Salvador \u00b7 Senzu Coffee Roasters \u00b7 Caf\u00e9s de Especialidade<\/title>\n<meta name=\"description\" content=\"Gr\u00e3o de caf\u00e9 de especialidade da regi\u00e3o de Juay\u00faa, El Salvador. Plantado \u00e0 altitude de 1600m, tem sabor a Malte, Amora. Encomenda j\u00e1!\" \/>\n<meta name=\"robots\" content=\"index, follow, max-snippet:-1, max-image-preview:large, max-video-preview:-1\" \/>\n<link rel=\"canonical\" href=\"https:\/\/senzucoffee.com\/en\/product\/elsalvador-coffee\/\" \/>\n<meta property=\"og:locale\" content=\"en_GB\" \/>\n<meta property=\"og:type\" content=\"article\" \/>\n<meta property=\"og:title\" content=\"Caf\u00e9 El Salvador \u00b7 Senzu Coffee Roasters \u00b7 Caf\u00e9s de Especialidade\" \/>\n<meta property=\"og:description\" content=\"Gr\u00e3o de caf\u00e9 de especialidade da regi\u00e3o de Juay\u00faa, El Salvador. Plantado \u00e0 altitude de 1600m, tem sabor a Malte, Amora. Encomenda j\u00e1!\" \/>\n<meta property=\"og:url\" content=\"https:\/\/senzucoffee.com\/en\/product\/elsalvador-coffee\/\" \/>\n<meta property=\"og:site_name\" content=\"SENZU COFFEE ROASTERS\" \/>\n<meta property=\"article:publisher\" content=\"https:\/\/www.facebook.com\/senzucoffeeroasters\/\" \/>\n<meta property=\"article:modified_time\" content=\"2026-01-19T09:38:55+00:00\" \/>\n<meta property=\"og:image\" content=\"https:\/\/senzucoffee.com\/wp-content\/uploads\/2019\/08\/10-25-ELSALVADOR-MOCKUP.png\" \/>\n\t<meta property=\"og:image:width\" content=\"2056\" \/>\n\t<meta property=\"og:image:height\" content=\"2146\" \/>\n<meta name=\"twitter:card\" content=\"summary_large_image\" \/>\n<meta name=\"twitter:label1\" content=\"Estimated reading time\">\n\t<meta name=\"twitter:data1\" content=\"1 minute\">\n<script type=\"application\/ld+json\" class=\"yoast-schema-graph\">{\"@context\":\"https:\/\/schema.org\",\"@graph\":[{\"@type\":\"Organization\",\"@id\":\"https:\/\/senzucoffee.com\/#organization\",\"name\":\"Senzu Coffee Roasters\",\"url\":\"https:\/\/senzucoffee.com\/\",\"sameAs\":[\"https:\/\/www.facebook.com\/senzucoffeeroasters\/\",\"https:\/\/www.instagram.com\/senzucoffeeroasters\"],\"logo\":{\"@type\":\"ImageObject\",\"@id\":\"https:\/\/senzucoffee.com\/#logo\",\"inLanguage\":\"en-GB\",\"url\":\"https:\/\/senzucoffee.com\/wp-content\/uploads\/2019\/07\/Backgroung_Senzu_f.jpg\",\"width\":2047,\"height\":1365,\"caption\":\"Senzu Coffee Roasters\"},\"image\":{\"@id\":\"https:\/\/senzucoffee.com\/#logo\"}},{\"@type\":\"WebSite\",\"@id\":\"https:\/\/senzucoffee.com\/#website\",\"url\":\"https:\/\/senzucoffee.com\/\",\"name\":\"SENZU COFFEE ROASTERS\",\"description\":\"Caf\\u00e9s de Especialidade\",\"publisher\":{\"@id\":\"https:\/\/senzucoffee.com\/#organization\"},\"potentialAction\":[{\"@type\":\"SearchAction\",\"target\":\"https:\/\/senzucoffee.com\/?s={search_term_string}\",\"query-input\":\"required name=search_term_string\"}],\"inLanguage\":\"en-GB\"},{\"@type\":\"ImageObject\",\"@id\":\"https:\/\/senzucoffee.com\/produto\/elsalvador-coffee\/#primaryimage\",\"inLanguage\":\"en-GB\",\"url\":\"https:\/\/senzucoffee.com\/wp-content\/uploads\/2019\/08\/10-25-ELSALVADOR-MOCKUP.png\",\"width\":2056,\"height\":2146},{\"@type\":\"WebPage\",\"@id\":\"https:\/\/senzucoffee.com\/produto\/elsalvador-coffee\/#webpage\",\"url\":\"https:\/\/senzucoffee.com\/produto\/elsalvador-coffee\/\",\"name\":\"Caf\\u00e9 El Salvador \\u00b7 Senzu Coffee Roasters \\u00b7 Caf\\u00e9s de Especialidade\",\"isPartOf\":{\"@id\":\"https:\/\/senzucoffee.com\/#website\"},\"primaryImageOfPage\":{\"@id\":\"https:\/\/senzucoffee.com\/produto\/elsalvador-coffee\/#primaryimage\"},\"datePublished\":\"2019-08-02T10:00:29+00:00\",\"dateModified\":\"2026-01-19T09:38:55+00:00\",\"description\":\"Gr\\u00e3o de caf\\u00e9 de especialidade da regi\\u00e3o de Juay\\u00faa, El Salvador. Plantado \\u00e0 altitude de 1600m, tem sabor a Malte, Amora. Encomenda j\\u00e1!\",\"inLanguage\":\"en-GB\",\"potentialAction\":[{\"@type\":\"ReadAction\",\"target\":[\"https:\/\/senzucoffee.com\/produto\/elsalvador-coffee\/\"]}]}]}<\/script>\n<!-- \/ Yoast SEO plugin. -->","_links":{"self":[{"href":"https:\/\/senzucoffee.com\/en\/wp-json\/wp\/v2\/product\/1429"}],"collection":[{"href":"https:\/\/senzucoffee.com\/en\/wp-json\/wp\/v2\/product"}],"about":[{"href":"https:\/\/senzucoffee.com\/en\/wp-json\/wp\/v2\/types\/product"}],"wp:featuredmedia":[{"embeddable":true,"href":"https:\/\/senzucoffee.com\/en\/wp-json\/wp\/v2\/media\/15408"}],"wp:attachment":[{"href":"https:\/\/senzucoffee.com\/en\/wp-json\/wp\/v2\/media?parent=1429"}],"curies":[{"name":"wp","href":"https:\/\/api.w.org\/{rel}","templated":true}]}}