{"id":13838,"date":"2022-12-15T14:41:35","date_gmt":"2022-12-15T14:41:35","guid":{"rendered":"https:\/\/senzucoffee.com\/?post_type=product&#038;p=13838"},"modified":"2024-02-12T22:49:39","modified_gmt":"2024-02-12T22:49:39","slug":"coffee-flower","status":"publish","type":"product","link":"https:\/\/senzucoffee.com\/en\/product\/coffee-flower\/","title":{"rendered":"Coffee Flower"},"content":{"rendered":"<h2><strong>About Santa Isabel<\/strong><\/h2>\n<p><strong>About Santa Isabel<\/strong><\/p>\n<p>All coffees produced at Finca Santa Isabel are grown in the dense shade of a highly protected ecosystem. Guided by his principles to preserve the environment, Alex began to explore biodynamic practices to improve the health and quality of his coffees. His organic fertilizers are fortified with biodynamic preparations consisting of cellulose, worm compost, and manure - everything grown or cultivated on the farm to create a self-sustaining ecosystem that integrates all aspects of the land. What a perfect way to experience the unique terroir of coffee!<br \/>\nAlex Keller produces this lot of coffee flowers in biodynamic practices.<br \/>\nFinca Santa Isabel was founded in 1899. It is located in the village of Pueblo Nuevo Vi\u00f1as. The coffee is grown in the shade of endemic species in an organic \/ biodynamic system.<br \/>\nThe farm suffered from what is commonly known as \"mal de vi\u00f1as\". Rust attacked the leaves of the coffee trees and the family lost 20% of the farm in the first year, 40% in the second year and 75% in the third year. In order to avoid such losses, they decided to plant rust-resistant Arabica and Robusta varieties. The choice was also made to ban chemicals and to turn to organic farming throughout the farm.<br \/>\nAdding to this already innovative approach is Alex'spassion for experimentation, constantly perfecting hismethods of anaerobic fermentation, washing andprocessing of yellow and black honeys.<br \/>\nCoffee is not the only activity on the farm. Alex also grows turmeric, citrus and bamboo, and keeps sheep and bees to produce honey.<br \/>\nThe family farm is owned by three brothers and sisters. Alex Keller is responsible for the processing, quality and organic management of the farm. His brother oversees the logistics. The three of them are very knowledgeable and closely follow all stages of production, from the soil to the process, in order to be able to control and adjust the quality of their coffees and their taste profiles.<br \/>\nTheir innovative personality and forward-thinking practices led him make the switch from traditional farming practices to certified organic ones, which he has perfected over the last 12 years. However, 4 years ago, they decided to take it a step further \u2013 converting their farm into an entirely biodynamic production. Since taking over the operations at the farm, Martin and Alex have worked to unite the environmental and social components of the farm and diversify his production to include various genetic-strains to ensure it\u2019s long-term sustainability.<br \/>\nTo support them, the farm employs 15 people year round. During the harvest period, the farm, like the whole country, faces a significant shortage of labour. There used to be 1,000 seasonal workers, now there are only 200 across the country.<\/p>","protected":false},"excerpt":{"rendered":"<ul>\n<li>50g coffee flowers<\/li>\n<\/ul>\n<ul>\n<li><strong>Region\/Farm:<\/strong> Santa Rosa, Finca Santa Isabel<\/li>\n<li><strong>Process:<\/strong>\u00a0Natural<\/li>\n<li><strong>Altitude:<\/strong> 1200-1400m<\/li>\n<li><strong>Aroma\/Flavour:<\/strong> Jasmine; Honeysuckle; Elderflower<\/li>\n<\/ul>","protected":false},"featured_media":14283,"template":"","meta":[],"yoast_head":"<!-- This site is optimized with the Yoast SEO plugin v15.6.2 - https:\/\/yoast.com\/wordpress\/plugins\/seo\/ -->\n<title>Caf\u00e9 \u00b7 Senzu Coffee Roasters \u00b7 Caf\u00e9s de Especialidade<\/title>\n<meta name=\"description\" content=\"Flores de caf\u00e9 secas da Guatemala, ideal para fazer uma infus\u00e3o. Notas de Jasmim e fl\u00f4r de sabugueiro. Encomenda j\u00e1!\" \/>\n<meta name=\"robots\" content=\"index, follow, max-snippet:-1, max-image-preview:large, max-video-preview:-1\" \/>\n<link rel=\"canonical\" href=\"https:\/\/senzucoffee.com\/en\/product\/coffee-flower\/\" \/>\n<meta property=\"og:locale\" content=\"en_GB\" \/>\n<meta property=\"og:type\" content=\"article\" \/>\n<meta property=\"og:title\" content=\"Caf\u00e9 de Eti\u00f3pia \u00b7 Senzu Coffee Roasters \u00b7 Caf\u00e9s de Especialidade\" \/>\n<meta property=\"og:description\" content=\"Gr\u00e3o de caf\u00e9 de especialidade da regi\u00e3o de Guji, Eti\u00f3pia. Plantado \u00e0 altitude de 2150m, tem aroma\/sabor a P\u00eassego, Uva. Encomenda j\u00e1!\" \/>\n<meta property=\"og:url\" content=\"https:\/\/senzucoffee.com\/en\/product\/coffee-flower\/\" \/>\n<meta property=\"og:site_name\" content=\"SENZU COFFEE ROASTERS\" \/>\n<meta property=\"article:publisher\" content=\"https:\/\/www.facebook.com\/senzucoffeeroasters\/\" \/>\n<meta property=\"article:modified_time\" content=\"2024-02-12T22:49:39+00:00\" \/>\n<meta property=\"og:image\" content=\"https:\/\/senzucoffee.com\/wp-content\/uploads\/2019\/05\/etiopia_a.jpg\" \/>\n\t<meta property=\"og:image:width\" content=\"600\" \/>\n\t<meta property=\"og:image:height\" content=\"600\" \/>\n<meta name=\"twitter:card\" content=\"summary_large_image\" \/>\n<meta name=\"twitter:title\" content=\"Caf\u00e9 de Eti\u00f3pia \u00b7 Senzu Coffee Roasters \u00b7 Caf\u00e9s de Especialidade\" \/>\n<meta name=\"twitter:description\" content=\"Gr\u00e3o de caf\u00e9 de especialidade da regi\u00e3o de Guji, Eti\u00f3pia. Plantado \u00e0 altitude de 2150m, tem aroma\/sabor a P\u00eassego, Uva. Encomenda j\u00e1!\" \/>\n<meta name=\"twitter:image\" content=\"https:\/\/senzucoffee.com\/wp-content\/uploads\/2019\/05\/etiopia_a.jpg\" \/>\n<meta name=\"twitter:label1\" content=\"Estimated reading time\">\n\t<meta name=\"twitter:data1\" content=\"2 minutes\">\n<script type=\"application\/ld+json\" class=\"yoast-schema-graph\">{\"@context\":\"https:\/\/schema.org\",\"@graph\":[{\"@type\":\"Organization\",\"@id\":\"https:\/\/senzucoffee.com\/#organization\",\"name\":\"Senzu Coffee Roasters\",\"url\":\"https:\/\/senzucoffee.com\/\",\"sameAs\":[\"https:\/\/www.facebook.com\/senzucoffeeroasters\/\",\"https:\/\/www.instagram.com\/senzucoffeeroasters\"],\"logo\":{\"@type\":\"ImageObject\",\"@id\":\"https:\/\/senzucoffee.com\/#logo\",\"inLanguage\":\"en-GB\",\"url\":\"https:\/\/senzucoffee.com\/wp-content\/uploads\/2019\/07\/Backgroung_Senzu_f.jpg\",\"width\":2047,\"height\":1365,\"caption\":\"Senzu Coffee Roasters\"},\"image\":{\"@id\":\"https:\/\/senzucoffee.com\/#logo\"}},{\"@type\":\"WebSite\",\"@id\":\"https:\/\/senzucoffee.com\/#website\",\"url\":\"https:\/\/senzucoffee.com\/\",\"name\":\"SENZU COFFEE ROASTERS\",\"description\":\"Caf\\u00e9s de Especialidade\",\"publisher\":{\"@id\":\"https:\/\/senzucoffee.com\/#organization\"},\"potentialAction\":[{\"@type\":\"SearchAction\",\"target\":\"https:\/\/senzucoffee.com\/?s={search_term_string}\",\"query-input\":\"required name=search_term_string\"}],\"inLanguage\":\"en-GB\"},{\"@type\":\"ImageObject\",\"@id\":\"https:\/\/senzucoffee.com\/produto\/coffee-flower\/#primaryimage\",\"inLanguage\":\"en-GB\",\"url\":\"https:\/\/senzucoffee.com\/wp-content\/uploads\/2022\/12\/Guatemala-Santa-Isabel-Flores-Website.jpg\",\"width\":1080,\"height\":1080},{\"@type\":\"WebPage\",\"@id\":\"https:\/\/senzucoffee.com\/produto\/coffee-flower\/#webpage\",\"url\":\"https:\/\/senzucoffee.com\/produto\/coffee-flower\/\",\"name\":\"Caf\\u00e9 \\u00b7 Senzu Coffee Roasters \\u00b7 Caf\\u00e9s de Especialidade\",\"isPartOf\":{\"@id\":\"https:\/\/senzucoffee.com\/#website\"},\"primaryImageOfPage\":{\"@id\":\"https:\/\/senzucoffee.com\/produto\/coffee-flower\/#primaryimage\"},\"datePublished\":\"2022-12-15T14:41:35+00:00\",\"dateModified\":\"2024-02-12T22:49:39+00:00\",\"description\":\"Flores de caf\\u00e9 secas da Guatemala, ideal para fazer uma infus\\u00e3o. Notas de Jasmim e fl\\u00f4r de sabugueiro. Encomenda j\\u00e1!\",\"inLanguage\":\"en-GB\",\"potentialAction\":[{\"@type\":\"ReadAction\",\"target\":[\"https:\/\/senzucoffee.com\/produto\/coffee-flower\/\"]}]}]}<\/script>\n<!-- \/ Yoast SEO plugin. -->","_links":{"self":[{"href":"https:\/\/senzucoffee.com\/en\/wp-json\/wp\/v2\/product\/13838"}],"collection":[{"href":"https:\/\/senzucoffee.com\/en\/wp-json\/wp\/v2\/product"}],"about":[{"href":"https:\/\/senzucoffee.com\/en\/wp-json\/wp\/v2\/types\/product"}],"wp:featuredmedia":[{"embeddable":true,"href":"https:\/\/senzucoffee.com\/en\/wp-json\/wp\/v2\/media\/14283"}],"wp:attachment":[{"href":"https:\/\/senzucoffee.com\/en\/wp-json\/wp\/v2\/media?parent=13838"}],"curies":[{"name":"wp","href":"https:\/\/api.w.org\/{rel}","templated":true}]}}