{"id":13710,"date":"2022-07-09T18:20:58","date_gmt":"2022-07-09T18:20:58","guid":{"rendered":"https:\/\/senzucoffee.com\/?post_type=product&#038;p=13710"},"modified":"2023-03-02T22:10:55","modified_gmt":"2023-03-02T22:10:55","slug":"timor-coffee","status":"publish","type":"product","link":"https:\/\/senzucoffee.com\/en\/product\/timor-coffee\/","title":{"rendered":"East Timor"},"content":{"rendered":"<h2><strong>About Sabelo Farmers<\/strong><\/h2>\n<p><strong>About Sabelo Farmers<\/strong><\/p>\n<p>The Sabelo farming community was established in 2010 and 11 farmers contribute to this lot. They work as a team to pick, collect, and process their cherry. The word \u2018Sabelo\u2019 means \u2018slaughter place\u2019. The area was historically used by the farmers\u2019 elders to slaughter livestock to supply meat to the local markets.<\/p>\n<p>East Timor is recognised more for the varietal \u2018hybrid de timor\u2019 than the coffee it has been producing now for 200 years since introduction in 1817 by the Portuguese. The Hybrid De Timor variety is a natural hybrid between the typica & robusta in spotted first in 1927. In the cup they demonstrate a sweetness, delicacy and florals associated with the typica variety (known as Arabi locally) which are then complimented by the spicy pepper, tamarind and full-bodied characteristics that you would be more familiar from the Hybrid De Timor varietal. The region that is leading the way in specialty production is the Letefoho area of the country situated in the mountainous northwest. This harvest we have been able to source and bring into Europe five different producer groups\/villages spread across 6 lots where the number of farmers in each group ranges from 11 to 23 small holder farmers. Each village still works in what is a very primitive manner often using wooden pulping machines and basic drying beds and sometimes tarpaulin on the ground to dry the coffees. Even with such basic infrastructure the quality of coffee produced in the cup defies what we would expect from such basic methods. The Caf\u00e9 Brisa Serena Group have worked hard with the farmer groups to focus on quality parameters such as picking, separation and even drying to help elevate the quality of the coffees. We feel that this is just the start of things to come from a country that has the potential to give so much more and begin to prosper with the rewarding of the specialty coffees they produce The 2021 harvest was a success following the disruption caused by the pandemic in 2020. Farmers are being very proactive with the pre and post-harvest maintenance of their trees, ensuring they are well pruned and healthy for future growth.<\/p>\n<p>Do you want to find more specialty coffees <a href=\"https:\/\/senzucoffee.com\/#specialty-coffees\"><\/a>?<\/p>","protected":false},"excerpt":{"rendered":"<ul>\n<li>250g whole bean specialty coffee<\/li>\n<\/ul>\n<ul>\n<li><strong>Region\/Farm: <\/strong>Sabelo Farmers Community<\/li>\n<li><strong>Process:<\/strong>\u00a0Washed<\/li>\n<li><strong>Variety:<\/strong>\u00a0Typica, Timor Hybrid<\/li>\n<li><strong>Aroma\/Flavour:<\/strong> Cherry; Almond; Caramel; Cranberry; Tamarind<\/li>\n<li><strong>Altitude:<\/strong>\u00a01300m<\/li>\n<li><strong>Grade:<\/strong> 86\/100<\/li>\n<li><strong>Roast: <\/strong>92 \u00b13 Agtron (light)<\/li>\n<\/ul>\n<p><span style=\"color: #ffffff; background-color: #e7ae39;\">A fresh roast is essential for the coffee to be at its prime, so we only roast it after you place your order. We roast once a week, and the coffee is sent to you the day after that.<\/span><\/p>","protected":false},"featured_media":13716,"template":"","meta":[],"yoast_head":"<!-- This site is optimized with the Yoast SEO plugin v15.6.2 - https:\/\/yoast.com\/wordpress\/plugins\/seo\/ -->\n<title>Caf\u00e9 de Timor \u00b7 Senzu Coffee Roasters \u00b7 Caf\u00e9s de Especialidade<\/title>\n<meta name=\"description\" content=\"Gr\u00e3o de caf\u00e9 de especialidade da regi\u00e3o Ducurai, Timor. Plantado \u00e0 altitude de 1500m, aroma\/sabor a Cereja, Toffee. Encomenda j\u00e1!\" \/>\n<meta name=\"robots\" content=\"index, follow, max-snippet:-1, max-image-preview:large, max-video-preview:-1\" \/>\n<link rel=\"canonical\" href=\"https:\/\/senzucoffee.com\/en\/product\/timor-coffee\/\" \/>\n<meta property=\"og:locale\" content=\"en_GB\" \/>\n<meta property=\"og:type\" content=\"article\" \/>\n<meta property=\"og:title\" content=\"Caf\u00e9 de Eti\u00f3pia \u00b7 Senzu Coffee Roasters \u00b7 Caf\u00e9s de Especialidade\" \/>\n<meta property=\"og:description\" content=\"Gr\u00e3o de caf\u00e9 de especialidade da regi\u00e3o de Guji, Eti\u00f3pia. Plantado \u00e0 altitude de 2150m, tem aroma\/sabor a P\u00eassego, Uva. Encomenda j\u00e1!\" \/>\n<meta property=\"og:url\" content=\"https:\/\/senzucoffee.com\/en\/product\/timor-coffee\/\" \/>\n<meta property=\"og:site_name\" content=\"SENZU COFFEE ROASTERS\" \/>\n<meta property=\"article:publisher\" content=\"https:\/\/www.facebook.com\/senzucoffeeroasters\/\" \/>\n<meta property=\"article:modified_time\" content=\"2023-03-02T22:10:55+00:00\" \/>\n<meta property=\"og:image\" content=\"https:\/\/senzucoffee.com\/wp-content\/uploads\/2019\/05\/etiopia_a.jpg\" \/>\n\t<meta property=\"og:image:width\" content=\"600\" \/>\n\t<meta property=\"og:image:height\" content=\"600\" \/>\n<meta name=\"twitter:card\" content=\"summary_large_image\" \/>\n<meta name=\"twitter:title\" content=\"Caf\u00e9 de Eti\u00f3pia \u00b7 Senzu Coffee Roasters \u00b7 Caf\u00e9s de Especialidade\" \/>\n<meta name=\"twitter:description\" content=\"Gr\u00e3o de caf\u00e9 de especialidade da regi\u00e3o de Guji, Eti\u00f3pia. Plantado \u00e0 altitude de 2150m, tem aroma\/sabor a P\u00eassego, Uva. Encomenda j\u00e1!\" \/>\n<meta name=\"twitter:image\" content=\"https:\/\/senzucoffee.com\/wp-content\/uploads\/2019\/05\/etiopia_a.jpg\" \/>\n<meta name=\"twitter:label1\" content=\"Estimated reading time\">\n\t<meta name=\"twitter:data1\" content=\"2 minutes\">\n<script type=\"application\/ld+json\" class=\"yoast-schema-graph\">{\"@context\":\"https:\/\/schema.org\",\"@graph\":[{\"@type\":\"Organization\",\"@id\":\"https:\/\/senzucoffee.com\/#organization\",\"name\":\"Senzu Coffee Roasters\",\"url\":\"https:\/\/senzucoffee.com\/\",\"sameAs\":[\"https:\/\/www.facebook.com\/senzucoffeeroasters\/\",\"https:\/\/www.instagram.com\/senzucoffeeroasters\"],\"logo\":{\"@type\":\"ImageObject\",\"@id\":\"https:\/\/senzucoffee.com\/#logo\",\"inLanguage\":\"en-GB\",\"url\":\"https:\/\/senzucoffee.com\/wp-content\/uploads\/2019\/07\/Backgroung_Senzu_f.jpg\",\"width\":2047,\"height\":1365,\"caption\":\"Senzu Coffee Roasters\"},\"image\":{\"@id\":\"https:\/\/senzucoffee.com\/#logo\"}},{\"@type\":\"WebSite\",\"@id\":\"https:\/\/senzucoffee.com\/#website\",\"url\":\"https:\/\/senzucoffee.com\/\",\"name\":\"SENZU COFFEE ROASTERS\",\"description\":\"Caf\\u00e9s de Especialidade\",\"publisher\":{\"@id\":\"https:\/\/senzucoffee.com\/#organization\"},\"potentialAction\":[{\"@type\":\"SearchAction\",\"target\":\"https:\/\/senzucoffee.com\/?s={search_term_string}\",\"query-input\":\"required name=search_term_string\"}],\"inLanguage\":\"en-GB\"},{\"@type\":\"ImageObject\",\"@id\":\"https:\/\/senzucoffee.com\/produto\/timor-coffee\/#primaryimage\",\"inLanguage\":\"en-GB\",\"url\":\"https:\/\/senzucoffee.com\/wp-content\/uploads\/2022\/07\/etimor_az.jpg\",\"width\":600,\"height\":600},{\"@type\":\"WebPage\",\"@id\":\"https:\/\/senzucoffee.com\/produto\/timor-coffee\/#webpage\",\"url\":\"https:\/\/senzucoffee.com\/produto\/timor-coffee\/\",\"name\":\"Caf\\u00e9 de Timor \\u00b7 Senzu Coffee Roasters \\u00b7 Caf\\u00e9s de Especialidade\",\"isPartOf\":{\"@id\":\"https:\/\/senzucoffee.com\/#website\"},\"primaryImageOfPage\":{\"@id\":\"https:\/\/senzucoffee.com\/produto\/timor-coffee\/#primaryimage\"},\"datePublished\":\"2022-07-09T18:20:58+00:00\",\"dateModified\":\"2023-03-02T22:10:55+00:00\",\"description\":\"Gr\\u00e3o de caf\\u00e9 de especialidade da regi\\u00e3o Ducurai, Timor. Plantado \\u00e0 altitude de 1500m, aroma\/sabor a Cereja, Toffee. Encomenda j\\u00e1!\",\"inLanguage\":\"en-GB\",\"potentialAction\":[{\"@type\":\"ReadAction\",\"target\":[\"https:\/\/senzucoffee.com\/produto\/timor-coffee\/\"]}]}]}<\/script>\n<!-- \/ Yoast SEO plugin. -->","_links":{"self":[{"href":"https:\/\/senzucoffee.com\/en\/wp-json\/wp\/v2\/product\/13710"}],"collection":[{"href":"https:\/\/senzucoffee.com\/en\/wp-json\/wp\/v2\/product"}],"about":[{"href":"https:\/\/senzucoffee.com\/en\/wp-json\/wp\/v2\/types\/product"}],"wp:featuredmedia":[{"embeddable":true,"href":"https:\/\/senzucoffee.com\/en\/wp-json\/wp\/v2\/media\/13716"}],"wp:attachment":[{"href":"https:\/\/senzucoffee.com\/en\/wp-json\/wp\/v2\/media?parent=13710"}],"curies":[{"name":"wp","href":"https:\/\/api.w.org\/{rel}","templated":true}]}}