{"id":13335,"date":"2020-12-25T14:30:44","date_gmt":"2020-12-25T14:30:44","guid":{"rendered":"https:\/\/senzucoffee.com\/?post_type=product&#038;p=13335"},"modified":"2025-10-13T09:41:06","modified_gmt":"2025-10-13T09:41:06","slug":"honduras-coffee","status":"publish","type":"product","link":"https:\/\/senzucoffee.com\/en\/product\/honduras-coffee\/","title":{"rendered":"Honduras"},"content":{"rendered":"<h2><strong>About Finca El Jardin<\/strong><\/h2>\n<p><strong>About Finca El Jardin<\/strong><\/p>\n<p><span class=\"s2\">El Jard\u00edn is where Mario blends innovation with conservation\u2014he\u2019s been exploring agroforestry practices and slow-drying techniques that yield deeply layered profiles with tropical fruit, herbal spice, and silky texture. Mario brings the curiosity of a craftsman and the discipline of a steward to his work. Across all farm, he emphasizes traceability, experimentation, and environmental sustainability. His efforts have garnered attention on international cupping tables, but he remains rooted in his community\u2014supporting local workers, sharing knowledge, and elevating the reputation of La Paz as a hub for high-quality coffee.<\/span><\/p>\n<p>Do you want to find more specialty coffees <a href=\"https:\/\/senzucoffee.com\/#specialty-coffees\"><\/a>?<\/p>","protected":false},"excerpt":{"rendered":"<ul>\n<li>250g whole bean specialty coffee<\/li>\n<\/ul>\n<ul>\n<li><strong>Region\/Farm: <\/strong>El Jardin, Mario Mejia<\/li>\n<li><strong>Process:<\/strong> Natural<\/li>\n<li><strong>Variety:<\/strong> Bourbon, Catuai, IHCAFE90, Lempira<\/li>\n<li><strong>Aroma\/Flavour:<\/strong> Cranberry, Clove, Cinnamon, Caramel<\/li>\n<li><strong>Altitude:<\/strong> 1100-1700m<\/li>\n<li><strong>Grade:<\/strong> 87\/100<\/li>\n<li><strong>Roast: <\/strong>89\u00b13 Agtron (light)<\/li>\n<\/ul>\n<p><span style=\"color: #ffffff; background-color: #e7ae39;\">A fresh roast is essential for the coffee to be at its prime, so we only roast it after you place your order. We roast once a week, and the coffee is sent to you the day after that.<\/span><\/p>","protected":false},"featured_media":15196,"template":"","meta":[],"yoast_head":"<!-- This site is optimized with the Yoast SEO plugin v15.6.2 - https:\/\/yoast.com\/wordpress\/plugins\/seo\/ -->\n<title>Caf\u00e9 da Honduras \u00b7 Senzu Coffee Roasters \u00b7 Caf\u00e9s de Especialidade<\/title>\n<meta name=\"description\" content=\"Gr\u00e3o de caf\u00e9 de especialidade da regi\u00e3o La Paz, Honduras. Plantado \u00e0 altitude de 1250m, aroma\/sabor a Arando, Caramelo. Encomenda j\u00e1!\" \/>\n<meta name=\"robots\" content=\"index, follow, max-snippet:-1, max-image-preview:large, max-video-preview:-1\" \/>\n<link rel=\"canonical\" href=\"https:\/\/senzucoffee.com\/en\/product\/honduras-coffee\/\" \/>\n<meta property=\"og:locale\" content=\"en_GB\" \/>\n<meta property=\"og:type\" content=\"article\" \/>\n<meta property=\"og:title\" content=\"Caf\u00e9 de Eti\u00f3pia \u00b7 Senzu Coffee Roasters \u00b7 Caf\u00e9s de Especialidade\" \/>\n<meta property=\"og:description\" content=\"Gr\u00e3o de caf\u00e9 de especialidade da regi\u00e3o de Guji, Eti\u00f3pia. Plantado \u00e0 altitude de 2150m, tem aroma\/sabor a P\u00eassego, Uva. Encomenda j\u00e1!\" \/>\n<meta property=\"og:url\" content=\"https:\/\/senzucoffee.com\/en\/product\/honduras-coffee\/\" \/>\n<meta property=\"og:site_name\" content=\"SENZU COFFEE ROASTERS\" \/>\n<meta property=\"article:publisher\" content=\"https:\/\/www.facebook.com\/senzucoffeeroasters\/\" \/>\n<meta property=\"article:modified_time\" content=\"2025-10-13T09:41:06+00:00\" \/>\n<meta property=\"og:image\" content=\"https:\/\/senzucoffee.com\/wp-content\/uploads\/2019\/05\/etiopia_a.jpg\" \/>\n\t<meta property=\"og:image:width\" content=\"600\" \/>\n\t<meta property=\"og:image:height\" content=\"600\" \/>\n<meta name=\"twitter:card\" content=\"summary_large_image\" \/>\n<meta name=\"twitter:title\" content=\"Caf\u00e9 de Eti\u00f3pia \u00b7 Senzu Coffee Roasters \u00b7 Caf\u00e9s de Especialidade\" \/>\n<meta name=\"twitter:description\" content=\"Gr\u00e3o de caf\u00e9 de especialidade da regi\u00e3o de Guji, Eti\u00f3pia. Plantado \u00e0 altitude de 2150m, tem aroma\/sabor a P\u00eassego, Uva. Encomenda j\u00e1!\" \/>\n<meta name=\"twitter:image\" content=\"https:\/\/senzucoffee.com\/wp-content\/uploads\/2019\/05\/etiopia_a.jpg\" \/>\n<meta name=\"twitter:label1\" content=\"Estimated reading time\">\n\t<meta name=\"twitter:data1\" content=\"1 minute\">\n<script type=\"application\/ld+json\" class=\"yoast-schema-graph\">{\"@context\":\"https:\/\/schema.org\",\"@graph\":[{\"@type\":\"Organization\",\"@id\":\"https:\/\/senzucoffee.com\/#organization\",\"name\":\"Senzu Coffee Roasters\",\"url\":\"https:\/\/senzucoffee.com\/\",\"sameAs\":[\"https:\/\/www.facebook.com\/senzucoffeeroasters\/\",\"https:\/\/www.instagram.com\/senzucoffeeroasters\"],\"logo\":{\"@type\":\"ImageObject\",\"@id\":\"https:\/\/senzucoffee.com\/#logo\",\"inLanguage\":\"en-GB\",\"url\":\"https:\/\/senzucoffee.com\/wp-content\/uploads\/2019\/07\/Backgroung_Senzu_f.jpg\",\"width\":2047,\"height\":1365,\"caption\":\"Senzu Coffee Roasters\"},\"image\":{\"@id\":\"https:\/\/senzucoffee.com\/#logo\"}},{\"@type\":\"WebSite\",\"@id\":\"https:\/\/senzucoffee.com\/#website\",\"url\":\"https:\/\/senzucoffee.com\/\",\"name\":\"SENZU COFFEE ROASTERS\",\"description\":\"Caf\\u00e9s de Especialidade\",\"publisher\":{\"@id\":\"https:\/\/senzucoffee.com\/#organization\"},\"potentialAction\":[{\"@type\":\"SearchAction\",\"target\":\"https:\/\/senzucoffee.com\/?s={search_term_string}\",\"query-input\":\"required name=search_term_string\"}],\"inLanguage\":\"en-GB\"},{\"@type\":\"ImageObject\",\"@id\":\"https:\/\/senzucoffee.com\/produto\/honduras-coffee\/#primaryimage\",\"inLanguage\":\"en-GB\",\"url\":\"https:\/\/senzucoffee.com\/wp-content\/uploads\/2020\/12\/07-25-HONDURAS-MOCKUP.png\",\"width\":2056,\"height\":2146},{\"@type\":\"WebPage\",\"@id\":\"https:\/\/senzucoffee.com\/produto\/honduras-coffee\/#webpage\",\"url\":\"https:\/\/senzucoffee.com\/produto\/honduras-coffee\/\",\"name\":\"Caf\\u00e9 da Honduras \\u00b7 Senzu Coffee Roasters \\u00b7 Caf\\u00e9s de Especialidade\",\"isPartOf\":{\"@id\":\"https:\/\/senzucoffee.com\/#website\"},\"primaryImageOfPage\":{\"@id\":\"https:\/\/senzucoffee.com\/produto\/honduras-coffee\/#primaryimage\"},\"datePublished\":\"2020-12-25T14:30:44+00:00\",\"dateModified\":\"2025-10-13T09:41:06+00:00\",\"description\":\"Gr\\u00e3o de caf\\u00e9 de especialidade da regi\\u00e3o La Paz, Honduras. Plantado \\u00e0 altitude de 1250m, aroma\/sabor a Arando, Caramelo. Encomenda j\\u00e1!\",\"inLanguage\":\"en-GB\",\"potentialAction\":[{\"@type\":\"ReadAction\",\"target\":[\"https:\/\/senzucoffee.com\/produto\/honduras-coffee\/\"]}]}]}<\/script>\n<!-- \/ Yoast SEO plugin. -->","_links":{"self":[{"href":"https:\/\/senzucoffee.com\/en\/wp-json\/wp\/v2\/product\/13335"}],"collection":[{"href":"https:\/\/senzucoffee.com\/en\/wp-json\/wp\/v2\/product"}],"about":[{"href":"https:\/\/senzucoffee.com\/en\/wp-json\/wp\/v2\/types\/product"}],"wp:featuredmedia":[{"embeddable":true,"href":"https:\/\/senzucoffee.com\/en\/wp-json\/wp\/v2\/media\/15196"}],"wp:attachment":[{"href":"https:\/\/senzucoffee.com\/en\/wp-json\/wp\/v2\/media?parent=13335"}],"curies":[{"name":"wp","href":"https:\/\/api.w.org\/{rel}","templated":true}]}}