{"id":13334,"date":"2020-12-22T12:05:30","date_gmt":"2020-12-22T12:05:30","guid":{"rendered":"https:\/\/senzucoffee.com\/?post_type=product&#038;p=13334"},"modified":"2026-04-02T10:20:56","modified_gmt":"2026-04-02T10:20:56","slug":"etiopia-cafe","status":"publish","type":"product","link":"https:\/\/senzucoffee.com\/en\/product\/etiopia-cafe\/","title":{"rendered":"Ethiopia"},"content":{"rendered":"<h2><strong>About Bombe<\/strong><\/h2>\n<p><strong>About Bombe<\/strong><\/p>\n<p>A classic Lavado de Sidama, prepared by Dukale Wakayo Dakola at the Bombe station. A high-altitude coffee, carefully and precisely crafted, fermented and dried on African beds.<\/p>\n<p>Clean, structured, and straight to the point.<\/p>\n<p>Do you want to find more specialty coffees <a href=\"https:\/\/senzucoffee.com\/#specialty-coffees\"><\/a>?<\/p>","protected":false},"excerpt":{"rendered":"<ul>\n<li>250g whole bean specialty coffee<\/li>\n<\/ul>\n<ul>\n<li><strong>Region\/Farm:<\/strong> Dukale Wakayo Dakola &#8211; Sidama<\/li>\n<li><strong>Process:<\/strong> Washed<\/li>\n<li><strong>Variety:<\/strong> Heirloom<\/li>\n<li><strong>Aroma\/Flavour:<\/strong> Milky, Honey, Milk Chocolate, Lemon, Apricot, Tangerine<\/li>\n<li><strong>Altitude:<\/strong> 1950m<\/li>\n<li><strong>Grade:<\/strong> 88\/100<\/li>\n<li><strong>Roast: <\/strong>89\u00b13 Agtron (light)<\/li>\n<\/ul>\n<p><span style=\"color: #ffffff; background-color: #e7ae39;\">A fresh roast is essential for the coffee to be at its prime, so we only roast it after you place your order. We roast once a week, and the coffee is sent to you the day after that.<\/span><\/p>","protected":false},"featured_media":15558,"template":"","meta":[],"yoast_head":"<!-- This site is optimized with the Yoast SEO plugin v15.6.2 - https:\/\/yoast.com\/wordpress\/plugins\/seo\/ -->\n<title>Caf\u00e9 de Eti\u00f3pia \u00b7 Senzu Coffee Roasters \u00b7 Caf\u00e9s de Especialidade<\/title>\n<meta name=\"description\" content=\"Gr\u00e3o de caf\u00e9 de especialidade da regi\u00e3o de Sidama, Eti\u00f3pia. Plantado \u00e0 altitude de 1950m, tem aroma\/sabor Mel, Lim\u00e3o. Encomenda j\u00e1!\" \/>\n<meta name=\"robots\" content=\"index, follow, max-snippet:-1, max-image-preview:large, max-video-preview:-1\" \/>\n<link rel=\"canonical\" href=\"https:\/\/senzucoffee.com\/en\/product\/etiopia-cafe\/\" \/>\n<meta property=\"og:locale\" content=\"en_GB\" \/>\n<meta property=\"og:type\" content=\"article\" \/>\n<meta property=\"og:title\" content=\"Caf\u00e9 de Eti\u00f3pia \u00b7 Senzu Coffee Roasters \u00b7 Caf\u00e9s de Especialidade\" \/>\n<meta property=\"og:description\" content=\"Gr\u00e3o de caf\u00e9 de especialidade da regi\u00e3o de Guji Daanisa, Eti\u00f3pia. Plantado \u00e0 altitude de 2200m, tem aroma\/sabor a Bergamota, Amora, Mirtilo. Encomenda j\u00e1!\" \/>\n<meta property=\"og:url\" content=\"https:\/\/senzucoffee.com\/en\/product\/etiopia-cafe\/\" \/>\n<meta property=\"og:site_name\" content=\"SENZU COFFEE ROASTERS\" \/>\n<meta property=\"article:publisher\" content=\"https:\/\/www.facebook.com\/senzucoffeeroasters\/\" \/>\n<meta property=\"article:modified_time\" content=\"2026-04-02T10:20:56+00:00\" \/>\n<meta property=\"og:image\" content=\"https:\/\/senzucoffee.com\/wp-content\/uploads\/2019\/05\/etiopia_a.jpg\" \/>\n\t<meta property=\"og:image:width\" content=\"600\" \/>\n\t<meta property=\"og:image:height\" content=\"600\" \/>\n<meta name=\"twitter:card\" content=\"summary_large_image\" \/>\n<meta name=\"twitter:title\" content=\"Caf\u00e9 de Eti\u00f3pia \u00b7 Senzu Coffee Roasters \u00b7 Caf\u00e9s de Especialidade\" \/>\n<meta name=\"twitter:description\" content=\"Gr\u00e3o de caf\u00e9 de especialidade da regi\u00e3o de Guji Daanisa, Eti\u00f3pia. Plantado \u00e0 altitude de 2200m, tem aroma\/sabor a Bergamota, Amora, Mirtilo. Encomenda j\u00e1!\" \/>\n<meta name=\"twitter:image\" content=\"https:\/\/senzucoffee.com\/wp-content\/uploads\/2019\/05\/etiopia_a.jpg\" \/>\n<meta name=\"twitter:label1\" content=\"Estimated reading time\">\n\t<meta name=\"twitter:data1\" content=\"1 minute\">\n<script type=\"application\/ld+json\" class=\"yoast-schema-graph\">{\"@context\":\"https:\/\/schema.org\",\"@graph\":[{\"@type\":\"Organization\",\"@id\":\"https:\/\/senzucoffee.com\/#organization\",\"name\":\"Senzu Coffee Roasters\",\"url\":\"https:\/\/senzucoffee.com\/\",\"sameAs\":[\"https:\/\/www.facebook.com\/senzucoffeeroasters\/\",\"https:\/\/www.instagram.com\/senzucoffeeroasters\"],\"logo\":{\"@type\":\"ImageObject\",\"@id\":\"https:\/\/senzucoffee.com\/#logo\",\"inLanguage\":\"en-GB\",\"url\":\"https:\/\/senzucoffee.com\/wp-content\/uploads\/2019\/07\/Backgroung_Senzu_f.jpg\",\"width\":2047,\"height\":1365,\"caption\":\"Senzu Coffee Roasters\"},\"image\":{\"@id\":\"https:\/\/senzucoffee.com\/#logo\"}},{\"@type\":\"WebSite\",\"@id\":\"https:\/\/senzucoffee.com\/#website\",\"url\":\"https:\/\/senzucoffee.com\/\",\"name\":\"SENZU COFFEE ROASTERS\",\"description\":\"Caf\\u00e9s de Especialidade\",\"publisher\":{\"@id\":\"https:\/\/senzucoffee.com\/#organization\"},\"potentialAction\":[{\"@type\":\"SearchAction\",\"target\":\"https:\/\/senzucoffee.com\/?s={search_term_string}\",\"query-input\":\"required name=search_term_string\"}],\"inLanguage\":\"en-GB\"},{\"@type\":\"ImageObject\",\"@id\":\"https:\/\/senzucoffee.com\/produto\/etiopia-cafe\/#primaryimage\",\"inLanguage\":\"en-GB\",\"url\":\"https:\/\/senzucoffee.com\/wp-content\/uploads\/2020\/12\/01-26-ETIOPIA-LAVADO-MOCKUP.png\",\"width\":2056,\"height\":2146},{\"@type\":\"WebPage\",\"@id\":\"https:\/\/senzucoffee.com\/produto\/etiopia-cafe\/#webpage\",\"url\":\"https:\/\/senzucoffee.com\/produto\/etiopia-cafe\/\",\"name\":\"Caf\\u00e9 de Eti\\u00f3pia \\u00b7 Senzu Coffee Roasters \\u00b7 Caf\\u00e9s de Especialidade\",\"isPartOf\":{\"@id\":\"https:\/\/senzucoffee.com\/#website\"},\"primaryImageOfPage\":{\"@id\":\"https:\/\/senzucoffee.com\/produto\/etiopia-cafe\/#primaryimage\"},\"datePublished\":\"2020-12-22T12:05:30+00:00\",\"dateModified\":\"2026-04-02T10:20:56+00:00\",\"description\":\"Gr\\u00e3o de caf\\u00e9 de especialidade da regi\\u00e3o de Sidama, Eti\\u00f3pia. Plantado \\u00e0 altitude de 1950m, tem aroma\/sabor Mel, Lim\\u00e3o. Encomenda j\\u00e1!\",\"inLanguage\":\"en-GB\",\"potentialAction\":[{\"@type\":\"ReadAction\",\"target\":[\"https:\/\/senzucoffee.com\/produto\/etiopia-cafe\/\"]}]}]}<\/script>\n<!-- \/ Yoast SEO plugin. -->","_links":{"self":[{"href":"https:\/\/senzucoffee.com\/en\/wp-json\/wp\/v2\/product\/13334"}],"collection":[{"href":"https:\/\/senzucoffee.com\/en\/wp-json\/wp\/v2\/product"}],"about":[{"href":"https:\/\/senzucoffee.com\/en\/wp-json\/wp\/v2\/types\/product"}],"wp:featuredmedia":[{"embeddable":true,"href":"https:\/\/senzucoffee.com\/en\/wp-json\/wp\/v2\/media\/15558"}],"wp:attachment":[{"href":"https:\/\/senzucoffee.com\/en\/wp-json\/wp\/v2\/media?parent=13334"}],"curies":[{"name":"wp","href":"https:\/\/api.w.org\/{rel}","templated":true}]}}