{"id":13136,"date":"2020-05-27T09:37:49","date_gmt":"2020-05-27T09:37:49","guid":{"rendered":"https:\/\/senzucoffee.com\/?post_type=product&#038;p=13136"},"modified":"2026-03-20T20:56:22","modified_gmt":"2026-03-20T20:56:22","slug":"coffee-to-home","status":"publish","type":"product","link":"https:\/\/senzucoffee.com\/en\/product\/coffee-to-home\/","title":{"rendered":"Subscription 4 bags \/ month"},"content":{"rendered":"<p>Receive at home 4 packages of 250g specialty coffee beans with no worries about choosing. Different origins of coffee. Order now!<\/p>","protected":false},"excerpt":{"rendered":"<ul>\n<li>Specialty coffee shipped in 250g - whole bean packages<\/li>\n<\/ul>\n<ul>\n<li>The packages will be chosen randomly according to the coffees that are available<\/li>\n<li>Can be used for filter or espresso extraction methods<\/li>\n<li>Coffee is shipped during the first 8 days of each month<\/li>\n<\/ul>\n<p><span style=\"color: #ffffff; background-color: #c39f76;\">A fresh roast is essential for the coffee to be at its prime, so we only roast it after you place your order. We roast once a week, and the coffee is sent to you the day after that.<\/span><\/p>","protected":false},"featured_media":14417,"template":"","meta":[],"yoast_head":"<!-- This site is optimized with the Yoast SEO plugin v15.6.2 - https:\/\/yoast.com\/wordpress\/plugins\/seo\/ -->\n<title>Subscri\u00e7\u00e3o Mensal Caf\u00e9 - Senzu Coffee Roasters - Caf\u00e9s Especialidade<\/title>\n<meta name=\"description\" content=\"Recebe em casa 4 embalagens de 250g em gr\u00e3o de caf\u00e9 de especialidade sem preocupa\u00e7\u00f5es todos os meses. Diferentes origens de caf\u00e9. Encomenda j\u00e1!\" \/>\n<meta name=\"robots\" content=\"index, follow, max-snippet:-1, max-image-preview:large, max-video-preview:-1\" \/>\n<link rel=\"canonical\" href=\"https:\/\/senzucoffee.com\/en\/product\/coffee-to-home\/\" \/>\n<meta property=\"og:locale\" content=\"en_GB\" \/>\n<meta property=\"og:type\" content=\"article\" \/>\n<meta property=\"og:title\" content=\"Subscri\u00e7\u00e3o Mensal Caf\u00e9 - Senzu Coffee Roasters - Caf\u00e9s Especialidade\" \/>\n<meta property=\"og:description\" content=\"Recebe em casa 4 embalagens de 250g em gr\u00e3o de caf\u00e9 de especialidade sem preocupa\u00e7\u00f5es todos os meses. Diferentes origens de caf\u00e9. Encomenda j\u00e1!\" \/>\n<meta property=\"og:url\" content=\"https:\/\/senzucoffee.com\/en\/product\/coffee-to-home\/\" \/>\n<meta property=\"og:site_name\" content=\"SENZU COFFEE ROASTERS\" \/>\n<meta property=\"article:publisher\" content=\"https:\/\/www.facebook.com\/senzucoffeeroasters\/\" \/>\n<meta property=\"article:modified_time\" content=\"2026-03-20T20:56:22+00:00\" \/>\n<meta property=\"og:image\" content=\"https:\/\/senzucoffee.com\/wp-content\/uploads\/2020\/05\/4-sacos.png\" \/>\n\t<meta property=\"og:image:width\" content=\"2000\" \/>\n\t<meta property=\"og:image:height\" content=\"2088\" \/>\n<meta name=\"twitter:card\" content=\"summary_large_image\" \/>\n<script type=\"application\/ld+json\" class=\"yoast-schema-graph\">{\"@context\":\"https:\/\/schema.org\",\"@graph\":[{\"@type\":\"Organization\",\"@id\":\"https:\/\/senzucoffee.com\/#organization\",\"name\":\"Senzu Coffee Roasters\",\"url\":\"https:\/\/senzucoffee.com\/\",\"sameAs\":[\"https:\/\/www.facebook.com\/senzucoffeeroasters\/\",\"https:\/\/www.instagram.com\/senzucoffeeroasters\"],\"logo\":{\"@type\":\"ImageObject\",\"@id\":\"https:\/\/senzucoffee.com\/#logo\",\"inLanguage\":\"en-GB\",\"url\":\"https:\/\/senzucoffee.com\/wp-content\/uploads\/2019\/07\/Backgroung_Senzu_f.jpg\",\"width\":2047,\"height\":1365,\"caption\":\"Senzu Coffee Roasters\"},\"image\":{\"@id\":\"https:\/\/senzucoffee.com\/#logo\"}},{\"@type\":\"WebSite\",\"@id\":\"https:\/\/senzucoffee.com\/#website\",\"url\":\"https:\/\/senzucoffee.com\/\",\"name\":\"SENZU COFFEE ROASTERS\",\"description\":\"Caf\\u00e9s de Especialidade\",\"publisher\":{\"@id\":\"https:\/\/senzucoffee.com\/#organization\"},\"potentialAction\":[{\"@type\":\"SearchAction\",\"target\":\"https:\/\/senzucoffee.com\/?s={search_term_string}\",\"query-input\":\"required name=search_term_string\"}],\"inLanguage\":\"en-GB\"},{\"@type\":\"ImageObject\",\"@id\":\"https:\/\/senzucoffee.com\/produto\/coffee-to-home\/#primaryimage\",\"inLanguage\":\"en-GB\",\"url\":\"https:\/\/senzucoffee.com\/wp-content\/uploads\/2020\/05\/4-sacos.png\",\"width\":2000,\"height\":2088},{\"@type\":\"WebPage\",\"@id\":\"https:\/\/senzucoffee.com\/produto\/coffee-to-home\/#webpage\",\"url\":\"https:\/\/senzucoffee.com\/produto\/coffee-to-home\/\",\"name\":\"Subscri\\u00e7\\u00e3o Mensal Caf\\u00e9 - Senzu Coffee Roasters - Caf\\u00e9s Especialidade\",\"isPartOf\":{\"@id\":\"https:\/\/senzucoffee.com\/#website\"},\"primaryImageOfPage\":{\"@id\":\"https:\/\/senzucoffee.com\/produto\/coffee-to-home\/#primaryimage\"},\"datePublished\":\"2020-05-27T09:37:49+00:00\",\"dateModified\":\"2026-03-20T20:56:22+00:00\",\"description\":\"Recebe em casa 4 embalagens de 250g em gr\\u00e3o de caf\\u00e9 de especialidade sem preocupa\\u00e7\\u00f5es todos os meses. Diferentes origens de caf\\u00e9. Encomenda j\\u00e1!\",\"inLanguage\":\"en-GB\",\"potentialAction\":[{\"@type\":\"ReadAction\",\"target\":[\"https:\/\/senzucoffee.com\/produto\/coffee-to-home\/\"]}]}]}<\/script>\n<!-- \/ Yoast SEO plugin. -->","_links":{"self":[{"href":"https:\/\/senzucoffee.com\/en\/wp-json\/wp\/v2\/product\/13136"}],"collection":[{"href":"https:\/\/senzucoffee.com\/en\/wp-json\/wp\/v2\/product"}],"about":[{"href":"https:\/\/senzucoffee.com\/en\/wp-json\/wp\/v2\/types\/product"}],"wp:featuredmedia":[{"embeddable":true,"href":"https:\/\/senzucoffee.com\/en\/wp-json\/wp\/v2\/media\/14417"}],"wp:attachment":[{"href":"https:\/\/senzucoffee.com\/en\/wp-json\/wp\/v2\/media?parent=13136"}],"curies":[{"name":"wp","href":"https:\/\/api.w.org\/{rel}","templated":true}]}}