{"id":13114,"date":"2019-06-15T14:48:57","date_gmt":"2019-06-15T14:48:57","guid":{"rendered":"https:\/\/senzucoffee.com\/?post_type=product&#038;p=13114"},"modified":"2024-03-22T18:15:08","modified_gmt":"2024-03-22T18:15:08","slug":"peru-coffee","status":"publish","type":"product","link":"https:\/\/senzucoffee.com\/en\/product\/peru-coffee\/","title":{"rendered":"Peru"},"content":{"rendered":"<h2><strong>About Olivera Diaz<\/strong><\/h2>\n<p><strong>About Olivera Diaz<\/strong><\/p>\n<p>Marcial Olivera Diaz owns 4 hectares of land in the village of Nuevo Trujillo, located in San Jose de Lourdes. Nuevo Trujillo is one of the larger villages in the region and is known for producing distinctive coffees with citrusy and buttery cup profiles. On his farm, Marcial grows mostly caturra, along with some bourbon and castillo varietals. He hires local pickers from Nuevo Trujillo to selectively handpick the ripe cherry. After picking, the coffee is washed, floated, pulped and then fermented for 24 hours. Finally, Marcial dries the coffee using shade on wooden drying beds attached to his house.<\/p>\n<p>Do you want to find more specialty coffees <a href=\"https:\/\/senzucoffee.com\/#specialty-coffees\"><\/a>?<\/p>","protected":false},"excerpt":{"rendered":"<ul>\n<li>250g whole bean specialty coffee<\/li>\n<\/ul>\n<ul>\n<li><strong>Region\/Farm: <\/strong>Cutervo, Cajamarca<\/li>\n<li><strong>Process:<\/strong>\u00a0Washed<\/li>\n<li><strong>Variety:<\/strong>\u00a0Catua\u00ed, Bourbon<\/li>\n<li><strong>Aroma\/Flavour:<\/strong>\u00a0Raspberry; Pink Grapefruit; Almond; Dark Chocolate<\/li>\n<li><strong>Altitude:<\/strong>\u00a01750m<\/li>\n<li><strong>Grade:<\/strong> 86\/100<\/li>\n<li><strong>Roast:\u00a0<\/strong>87\u00b13 Agtron (light)<\/li>\n<\/ul>\n<p><span style=\"color: #ffffff; background-color: #e7ae39;\">A fresh roast is essential for the coffee to be at its prime, so we only roast it after you place your order. We roast once a week, and the coffee is sent to you the day after that.<\/span><\/p>","protected":false},"featured_media":14210,"template":"","meta":[],"yoast_head":"<!-- This site is optimized with the Yoast SEO plugin v15.6.2 - https:\/\/yoast.com\/wordpress\/plugins\/seo\/ -->\n<title>Caf\u00e9 do Peru \u00b7 Senzu Coffee Roasters \u00b7 Caf\u00e9s de Especialidade<\/title>\n<meta name=\"description\" content=\"Gr\u00e3o de caf\u00e9 de especialidade da regi\u00e3o Nuevo Trujillo, Peru. Plantado a altitude de 1750m, tem sabor am\u00eandoa e framboesa. Encomenda j\u00e1!\" \/>\n<meta name=\"robots\" content=\"index, follow, max-snippet:-1, max-image-preview:large, max-video-preview:-1\" \/>\n<link rel=\"canonical\" href=\"https:\/\/senzucoffee.com\/en\/product\/peru-coffee\/\" \/>\n<meta property=\"og:locale\" content=\"en_GB\" \/>\n<meta property=\"og:type\" content=\"article\" \/>\n<meta property=\"og:title\" content=\"Caf\u00e9 do Burundi \u00b7 Senzu Coffee Roasters \u00b7 Caf\u00e9s de Especialidade\" \/>\n<meta property=\"og:description\" content=\"Gr\u00e3o de caf\u00e9 de especialidade da regi\u00e3o de Ngogomo, Burundi. Plantado a uma altitude de 1700m, tem aroma\/sabor a Anan\u00e1s, Chocolate e Baunilha. Encomenda j\u00e1!\" \/>\n<meta property=\"og:url\" content=\"https:\/\/senzucoffee.com\/en\/product\/peru-coffee\/\" \/>\n<meta property=\"og:site_name\" content=\"SENZU COFFEE ROASTERS\" \/>\n<meta property=\"article:publisher\" content=\"https:\/\/www.facebook.com\/senzucoffeeroasters\/\" \/>\n<meta property=\"article:modified_time\" content=\"2024-03-22T18:15:08+00:00\" \/>\n<meta property=\"og:image\" content=\"https:\/\/senzucoffee.com\/wp-content\/uploads\/2019\/07\/burundi_az.jpg\" \/>\n\t<meta property=\"og:image:width\" content=\"600\" \/>\n\t<meta property=\"og:image:height\" content=\"600\" \/>\n<meta name=\"twitter:card\" content=\"summary_large_image\" \/>\n<meta name=\"twitter:title\" content=\"Caf\u00e9 do Burundi \u00b7 Senzu Coffee Roasters \u00b7 Caf\u00e9s de Especialidade\" \/>\n<meta name=\"twitter:description\" content=\"Gr\u00e3o de caf\u00e9 de especialidade da regi\u00e3o de Ngogomo, Burundi. Plantado a uma altitude de 1700m, tem aroma\/sabor a Anan\u00e1s, Chocolate e Baunilha. Encomenda j\u00e1!\" \/>\n<meta name=\"twitter:image\" content=\"https:\/\/senzucoffee.com\/wp-content\/uploads\/2019\/07\/burundi_az.jpg\" \/>\n<meta name=\"twitter:label1\" content=\"Estimated reading time\">\n\t<meta name=\"twitter:data1\" content=\"1 minute\">\n<script type=\"application\/ld+json\" class=\"yoast-schema-graph\">{\"@context\":\"https:\/\/schema.org\",\"@graph\":[{\"@type\":\"Organization\",\"@id\":\"https:\/\/senzucoffee.com\/#organization\",\"name\":\"Senzu Coffee Roasters\",\"url\":\"https:\/\/senzucoffee.com\/\",\"sameAs\":[\"https:\/\/www.facebook.com\/senzucoffeeroasters\/\",\"https:\/\/www.instagram.com\/senzucoffeeroasters\"],\"logo\":{\"@type\":\"ImageObject\",\"@id\":\"https:\/\/senzucoffee.com\/#logo\",\"inLanguage\":\"en-GB\",\"url\":\"https:\/\/senzucoffee.com\/wp-content\/uploads\/2019\/07\/Backgroung_Senzu_f.jpg\",\"width\":2047,\"height\":1365,\"caption\":\"Senzu Coffee Roasters\"},\"image\":{\"@id\":\"https:\/\/senzucoffee.com\/#logo\"}},{\"@type\":\"WebSite\",\"@id\":\"https:\/\/senzucoffee.com\/#website\",\"url\":\"https:\/\/senzucoffee.com\/\",\"name\":\"SENZU COFFEE ROASTERS\",\"description\":\"Caf\\u00e9s de Especialidade\",\"publisher\":{\"@id\":\"https:\/\/senzucoffee.com\/#organization\"},\"potentialAction\":[{\"@type\":\"SearchAction\",\"target\":\"https:\/\/senzucoffee.com\/?s={search_term_string}\",\"query-input\":\"required name=search_term_string\"}],\"inLanguage\":\"en-GB\"},{\"@type\":\"ImageObject\",\"@id\":\"https:\/\/senzucoffee.com\/produto\/peru-coffee\/#primaryimage\",\"inLanguage\":\"en-GB\",\"url\":\"https:\/\/senzucoffee.com\/wp-content\/uploads\/2019\/06\/Peru-Olivera-Diaz-Website.jpg\",\"width\":1080,\"height\":1080},{\"@type\":\"WebPage\",\"@id\":\"https:\/\/senzucoffee.com\/produto\/peru-coffee\/#webpage\",\"url\":\"https:\/\/senzucoffee.com\/produto\/peru-coffee\/\",\"name\":\"Caf\\u00e9 do Peru \\u00b7 Senzu Coffee Roasters \\u00b7 Caf\\u00e9s de Especialidade\",\"isPartOf\":{\"@id\":\"https:\/\/senzucoffee.com\/#website\"},\"primaryImageOfPage\":{\"@id\":\"https:\/\/senzucoffee.com\/produto\/peru-coffee\/#primaryimage\"},\"datePublished\":\"2019-06-15T14:48:57+00:00\",\"dateModified\":\"2024-03-22T18:15:08+00:00\",\"description\":\"Gr\\u00e3o de caf\\u00e9 de especialidade da regi\\u00e3o Nuevo Trujillo, Peru. Plantado a altitude de 1750m, tem sabor am\\u00eandoa e framboesa. Encomenda j\\u00e1!\",\"inLanguage\":\"en-GB\",\"potentialAction\":[{\"@type\":\"ReadAction\",\"target\":[\"https:\/\/senzucoffee.com\/produto\/peru-coffee\/\"]}]}]}<\/script>\n<!-- \/ Yoast SEO plugin. -->","_links":{"self":[{"href":"https:\/\/senzucoffee.com\/en\/wp-json\/wp\/v2\/product\/13114"}],"collection":[{"href":"https:\/\/senzucoffee.com\/en\/wp-json\/wp\/v2\/product"}],"about":[{"href":"https:\/\/senzucoffee.com\/en\/wp-json\/wp\/v2\/types\/product"}],"wp:featuredmedia":[{"embeddable":true,"href":"https:\/\/senzucoffee.com\/en\/wp-json\/wp\/v2\/media\/14210"}],"wp:attachment":[{"href":"https:\/\/senzucoffee.com\/en\/wp-json\/wp\/v2\/media?parent=13114"}],"curies":[{"name":"wp","href":"https:\/\/api.w.org\/{rel}","templated":true}]}}