{"id":10075,"date":"2020-02-25T18:10:07","date_gmt":"2020-02-25T18:10:07","guid":{"rendered":"https:\/\/senzucoffee.com\/?post_type=product&#038;p=10075"},"modified":"2022-06-14T15:42:47","modified_gmt":"2022-06-14T15:42:47","slug":"etiopia-gerba-cafe","status":"publish","type":"product","link":"https:\/\/senzucoffee.com\/en\/product\/etiopia-gerba-cafe\/","title":{"rendered":"M\u00e9xico"},"content":{"rendered":"<h2><strong>About Audias Garcia<\/strong><\/h2>\n<p><strong>About Audias Garcia<\/strong><\/p>\n<p id=\"tw-target-text\" class=\"tw-data-text tw-text-large tw-ta\" dir=\"ltr\" data-placeholder=\"Tradu\u00e7\u00e3o\"><span class=\"Y2IQFc\" lang=\"pt\">Audias is one of the youngest producer partners of Jesus Salazar. He has been working with Jesus for 2 harvests, 2019 and 2020. The beneficio to carry out the coffee processes was built by his father, Roman Garcia, producer also partner of Cafeologia. Roman's coffees won two places in the Cafeologo award in 2017. His father encouraged and encouraged Audias to join this partnership a lot, the following harvest coffees got very good scores and today it is Audias who are pushing new producers to join the adventure and improve their farming practices. The Audias plantation is located in the highest area of \u200b\u200bthe Sierra Madre de Chiapas and the coffee trees grow under the shade of chalum, gravillea, in an endemic forest of Chiapas. Jesus is, as he puts it, the zero generation of his family in coffee. Originally from Tuxtla, capital of the Chiapas region, he lives with his family in San Cristobal de las Casas. He initiated his project \"Cafeologia\" in 2010. Firstly as roaster, his project \"Cafeologia\" today brings together a coffee shop, a hotel, a quality laboratory, a cupping room, a roastery, a warehouse and a beneficio. Jesus' goal was to develop a project around coffee growing involving Mayan communities. In 2010, he began working with 4 farmers and today he is in direct contact with 140 \"micro-producers\" because for him it is essential that this project remains on a human scale \"Caja a caja\". The farmers speak Tsotsil and Tseltal (the Maya languages) and they produce very high quality nano-lots, each about 20 bags per year on 2 hectares. Far from intensive agriculture, coffee trees grow in their gardens under the shade of endemic trees like Xalum. With so little yield, coffee is not viable for these families. Jesus' approach then becomes societal, he asks each farmer how much he needs to live a year. He has to create value added coffee to pay this price. For this, the only lever is quality. Jesus is Q-processor (equivalent of the Q-Grader for processes). He brings his expertise to every farmer and sometimes the drying and the end of the process is done on the roof of the Cafeologia where are arranged african beds. The coffees are not certified but are produced on the model of organic farming. Just 1 hour drive around San Cristobal, the diversity of aromatic profiles is incredible. His vision of coffee is philosophical and humanistic. He wants above all to promote the quality of Chiapas coffees and \"change the image of Mexican coffee\". He surrounds himself with partners sharing his state of mind, his philosophy, his values \u200b\u200bto defend a different coffee growing in Mexico, returning to a high quality that is creating value for the indigenous production communities.<\/span><\/p>\n<p>Do you want to find more specialty coffees <a href=\"https:\/\/senzucoffee.com\/#specialty-coffees\"><\/a>?<\/p>","protected":false},"excerpt":{"rendered":"<ul>\n<li>250g whole bean specialty coffee<\/li>\n<\/ul>\n<ul>\n<li><strong>Region\/Farm:<\/strong>\u00a0Audias Garcia &#8211; Chiapas<\/li>\n<li><strong>Process:<\/strong>\u00a0Natural<\/li>\n<li><strong>Variety:<\/strong>\u00a0Marsellesa<\/li>\n<li><strong>Aroma\/Flavour:<\/strong>\u00a0Caramel; Hazelnut; Butter; Peanut; Lemon<\/li>\n<li><strong>Altitude:<\/strong>\u00a01745m<\/li>\n<li><strong>Grade:<\/strong> 88\/100<\/li>\n<li><strong>Roast: <\/strong>92\u00b13 Agtron (light)<\/li>\n<\/ul>\n<p><span style=\"color: #ffffff; background-color: #e7ae39;\">A fresh roast is essential for the coffee to be at its prime, so we only roast it after you place your order. We roast once a week, and the coffee is sent to you the day after that.<\/span><\/p>","protected":false},"featured_media":772,"template":"","meta":[],"yoast_head":"<!-- This site is optimized with the Yoast SEO plugin v15.6.2 - https:\/\/yoast.com\/wordpress\/plugins\/seo\/ -->\n<title>Caf\u00e9 do M\u00e9xico \u00b7 Senzu Coffee Roasters \u00b7 Caf\u00e9s de Especialidade<\/title>\n<meta name=\"description\" content=\"Gr\u00e3o de caf\u00e9 de especialidade da regi\u00e3o de Chiapas, M\u00e9xico. Plantado \u00e0 altitude de 1745m, tem aroma\/sabor a Caramelo, Avel\u00e3. Encomenda j\u00e1!\" \/>\n<meta name=\"robots\" content=\"index, follow, max-snippet:-1, max-image-preview:large, max-video-preview:-1\" \/>\n<link rel=\"canonical\" href=\"https:\/\/senzucoffee.com\/en\/product\/etiopia-gerba-cafe\/\" \/>\n<meta property=\"og:locale\" content=\"en_GB\" \/>\n<meta property=\"og:type\" content=\"article\" \/>\n<meta property=\"og:title\" content=\"Caf\u00e9 de Eti\u00f3pia \u00b7 Senzu Coffee Roasters \u00b7 Caf\u00e9s de Especialidade\" \/>\n<meta property=\"og:description\" content=\"Gr\u00e3o de caf\u00e9 de especialidade da regi\u00e3o de Guji Daanisa, Eti\u00f3pia. Plantado \u00e0 altitude de 2200m, tem aroma\/sabor a Bergamota, Amora, Mirtilo. Encomenda j\u00e1!\" \/>\n<meta property=\"og:url\" content=\"https:\/\/senzucoffee.com\/en\/product\/etiopia-gerba-cafe\/\" \/>\n<meta property=\"og:site_name\" content=\"SENZU COFFEE ROASTERS\" \/>\n<meta property=\"article:publisher\" content=\"https:\/\/www.facebook.com\/senzucoffeeroasters\/\" \/>\n<meta property=\"article:modified_time\" content=\"2022-06-14T15:42:47+00:00\" \/>\n<meta property=\"og:image\" content=\"https:\/\/senzucoffee.com\/wp-content\/uploads\/2019\/05\/etiopia_a.jpg\" \/>\n\t<meta property=\"og:image:width\" content=\"600\" \/>\n\t<meta property=\"og:image:height\" content=\"600\" \/>\n<meta name=\"twitter:card\" content=\"summary_large_image\" \/>\n<meta name=\"twitter:title\" content=\"Caf\u00e9 de Eti\u00f3pia \u00b7 Senzu Coffee Roasters \u00b7 Caf\u00e9s de Especialidade\" \/>\n<meta name=\"twitter:description\" content=\"Gr\u00e3o de caf\u00e9 de especialidade da regi\u00e3o de Guji Daanisa, Eti\u00f3pia. Plantado \u00e0 altitude de 2200m, tem aroma\/sabor a Bergamota, Amora, Mirtilo. Encomenda j\u00e1!\" \/>\n<meta name=\"twitter:image\" content=\"https:\/\/senzucoffee.com\/wp-content\/uploads\/2019\/05\/etiopia_a.jpg\" \/>\n<meta name=\"twitter:label1\" content=\"Estimated reading time\">\n\t<meta name=\"twitter:data1\" content=\"3 minutes\">\n<script type=\"application\/ld+json\" class=\"yoast-schema-graph\">{\"@context\":\"https:\/\/schema.org\",\"@graph\":[{\"@type\":\"Organization\",\"@id\":\"https:\/\/senzucoffee.com\/#organization\",\"name\":\"Senzu Coffee Roasters\",\"url\":\"https:\/\/senzucoffee.com\/\",\"sameAs\":[\"https:\/\/www.facebook.com\/senzucoffeeroasters\/\",\"https:\/\/www.instagram.com\/senzucoffeeroasters\"],\"logo\":{\"@type\":\"ImageObject\",\"@id\":\"https:\/\/senzucoffee.com\/#logo\",\"inLanguage\":\"en-GB\",\"url\":\"https:\/\/senzucoffee.com\/wp-content\/uploads\/2019\/07\/Backgroung_Senzu_f.jpg\",\"width\":2047,\"height\":1365,\"caption\":\"Senzu Coffee Roasters\"},\"image\":{\"@id\":\"https:\/\/senzucoffee.com\/#logo\"}},{\"@type\":\"WebSite\",\"@id\":\"https:\/\/senzucoffee.com\/#website\",\"url\":\"https:\/\/senzucoffee.com\/\",\"name\":\"SENZU COFFEE ROASTERS\",\"description\":\"Caf\\u00e9s de Especialidade\",\"publisher\":{\"@id\":\"https:\/\/senzucoffee.com\/#organization\"},\"potentialAction\":[{\"@type\":\"SearchAction\",\"target\":\"https:\/\/senzucoffee.com\/?s={search_term_string}\",\"query-input\":\"required name=search_term_string\"}],\"inLanguage\":\"en-GB\"},{\"@type\":\"ImageObject\",\"@id\":\"https:\/\/senzucoffee.com\/produto\/etiopia-gerba-cafe\/#primaryimage\",\"inLanguage\":\"en-GB\",\"url\":\"https:\/\/senzucoffee.com\/wp-content\/uploads\/2019\/07\/mexico_a.jpg\",\"width\":600,\"height\":600,\"caption\":\"Logo Caf\\u00e9s de Especialidade Senzu Mexico Amarelo\"},{\"@type\":\"WebPage\",\"@id\":\"https:\/\/senzucoffee.com\/produto\/etiopia-gerba-cafe\/#webpage\",\"url\":\"https:\/\/senzucoffee.com\/produto\/etiopia-gerba-cafe\/\",\"name\":\"Caf\\u00e9 do M\\u00e9xico \\u00b7 Senzu Coffee Roasters \\u00b7 Caf\\u00e9s de Especialidade\",\"isPartOf\":{\"@id\":\"https:\/\/senzucoffee.com\/#website\"},\"primaryImageOfPage\":{\"@id\":\"https:\/\/senzucoffee.com\/produto\/etiopia-gerba-cafe\/#primaryimage\"},\"datePublished\":\"2020-02-25T18:10:07+00:00\",\"dateModified\":\"2022-06-14T15:42:47+00:00\",\"description\":\"Gr\\u00e3o de caf\\u00e9 de especialidade da regi\\u00e3o de Chiapas, M\\u00e9xico. Plantado \\u00e0 altitude de 1745m, tem aroma\/sabor a Caramelo, Avel\\u00e3. Encomenda j\\u00e1!\",\"inLanguage\":\"en-GB\",\"potentialAction\":[{\"@type\":\"ReadAction\",\"target\":[\"https:\/\/senzucoffee.com\/produto\/etiopia-gerba-cafe\/\"]}]}]}<\/script>\n<!-- \/ Yoast SEO plugin. -->","_links":{"self":[{"href":"https:\/\/senzucoffee.com\/en\/wp-json\/wp\/v2\/product\/10075"}],"collection":[{"href":"https:\/\/senzucoffee.com\/en\/wp-json\/wp\/v2\/product"}],"about":[{"href":"https:\/\/senzucoffee.com\/en\/wp-json\/wp\/v2\/types\/product"}],"wp:featuredmedia":[{"embeddable":true,"href":"https:\/\/senzucoffee.com\/en\/wp-json\/wp\/v2\/media\/772"}],"wp:attachment":[{"href":"https:\/\/senzucoffee.com\/en\/wp-json\/wp\/v2\/media?parent=10075"}],"curies":[{"name":"wp","href":"https:\/\/api.w.org\/{rel}","templated":true}]}}