{"id":644,"date":"2019-07-15T14:42:09","date_gmt":"2019-07-15T14:42:09","guid":{"rendered":"https:\/\/senzucoffee.com\/?page_id=644"},"modified":"2022-03-08T18:07:05","modified_gmt":"2022-03-08T18:07:05","slug":"informacao-portes-de-envio","status":"publish","type":"page","link":"https:\/\/senzucoffee.com\/en\/informacao-portes-de-envio\/","title":{"rendered":"SHIPPING INFORMATION"},"content":{"rendered":"<p>[vc_row][vc_column][vc_column_text]A SENZU COFFEE ROASTERS envia os seus produtos para pa\u00edses dentro da Europa mas com diferentes custos de envio de acordo com quantidade de embalagens de caf\u00e9 e pa\u00eds de destino. Para cada categoria de pa\u00eds existe um custo fixo de transporte. Enviamos para todos os pa\u00edses da Uni\u00e3o Europeia e tamb\u00e9m para Andorra, Isl\u00e2ndia, Noruega, Su\u00ed\u00e7a, R\u00fassia, Turquia e Ucr\u00e2nia.<\/p>\n<p>This are the shipping costs:<\/p>\n<p><strong>PORTUGAL:<\/strong><br \/>\nRegisted mail \/ Post office with tracking number:<br \/>\n1 bag - 3.95\u20ac<br \/>\n2 bags - 6.50\u20ac<br \/>\n3\/+ coffee bags - Free shipping<\/p>\n<p><strong>EUROPE:<\/strong><br \/>\nNormal Post office mail with tracking number:<br \/>\n1 bag - 8\u20ac<br \/>\n2-3 bags - 11.20\u20ac<br \/>\n4 ou mais embalagens \u2013 16.75\u20ac[\/vc_column_text][\/vc_column][\/vc_row]<\/p>","protected":false},"excerpt":{"rendered":"<p>[vc_row][vc_column][vc_column_text]A SENZU COFFEE ROASTERS envia os seus produtos para pa\u00edses dentro da Europa mas com diferentes custos de envio de acordo com quantidade de embalagens de caf\u00e9 e pa\u00eds de<\/p>","protected":false},"author":1,"featured_media":0,"parent":0,"menu_order":0,"comment_status":"closed","ping_status":"closed","template":"","meta":[],"yoast_head":"<!-- This site is optimized with the Yoast SEO plugin v15.6.2 - https:\/\/yoast.com\/wordpress\/plugins\/seo\/ -->\n<title>INFORMA\u00c7\u00c3O PORTES DE ENVIO - SENZU COFFEE ROASTERS<\/title>\n<meta name=\"robots\" content=\"index, follow, max-snippet:-1, max-image-preview:large, max-video-preview:-1\" \/>\n<link rel=\"canonical\" href=\"https:\/\/senzucoffee.com\/en\/informacao-portes-de-envio\/\" \/>\n<meta property=\"og:locale\" content=\"en_GB\" \/>\n<meta property=\"og:type\" content=\"article\" \/>\n<meta property=\"og:title\" content=\"INFORMA\u00c7\u00c3O PORTES DE ENVIO - SENZU COFFEE ROASTERS\" \/>\n<meta property=\"og:description\" content=\"[vc_row][vc_column][vc_column_text]A SENZU COFFEE ROASTERS envia os seus produtos para pa\u00edses dentro da Europa mas com diferentes custos de envio de acordo com quantidade de embalagens de caf\u00e9 e pa\u00eds de\" \/>\n<meta property=\"og:url\" content=\"https:\/\/senzucoffee.com\/en\/informacao-portes-de-envio\/\" \/>\n<meta property=\"og:site_name\" content=\"SENZU COFFEE ROASTERS\" \/>\n<meta property=\"article:publisher\" content=\"https:\/\/www.facebook.com\/senzucoffeeroasters\/\" \/>\n<meta property=\"article:modified_time\" content=\"2022-03-08T18:07:05+00:00\" \/>\n<meta name=\"twitter:card\" content=\"summary_large_image\" \/>\n<meta name=\"twitter:label1\" content=\"Estimated reading time\">\n\t<meta name=\"twitter:data1\" content=\"1 minute\">\n<script type=\"application\/ld+json\" class=\"yoast-schema-graph\">{\"@context\":\"https:\/\/schema.org\",\"@graph\":[{\"@type\":\"Organization\",\"@id\":\"https:\/\/senzucoffee.com\/#organization\",\"name\":\"Senzu Coffee Roasters\",\"url\":\"https:\/\/senzucoffee.com\/\",\"sameAs\":[\"https:\/\/www.facebook.com\/senzucoffeeroasters\/\",\"https:\/\/www.instagram.com\/senzucoffeeroasters\"],\"logo\":{\"@type\":\"ImageObject\",\"@id\":\"https:\/\/senzucoffee.com\/#logo\",\"inLanguage\":\"en-GB\",\"url\":\"https:\/\/senzucoffee.com\/wp-content\/uploads\/2019\/07\/Backgroung_Senzu_f.jpg\",\"width\":2047,\"height\":1365,\"caption\":\"Senzu Coffee Roasters\"},\"image\":{\"@id\":\"https:\/\/senzucoffee.com\/#logo\"}},{\"@type\":\"WebSite\",\"@id\":\"https:\/\/senzucoffee.com\/#website\",\"url\":\"https:\/\/senzucoffee.com\/\",\"name\":\"SENZU COFFEE ROASTERS\",\"description\":\"Caf\\u00e9s de Especialidade\",\"publisher\":{\"@id\":\"https:\/\/senzucoffee.com\/#organization\"},\"potentialAction\":[{\"@type\":\"SearchAction\",\"target\":\"https:\/\/senzucoffee.com\/?s={search_term_string}\",\"query-input\":\"required name=search_term_string\"}],\"inLanguage\":\"en-GB\"},{\"@type\":\"WebPage\",\"@id\":\"https:\/\/senzucoffee.com\/informacao-portes-de-envio\/#webpage\",\"url\":\"https:\/\/senzucoffee.com\/informacao-portes-de-envio\/\",\"name\":\"INFORMA\\u00c7\\u00c3O PORTES DE ENVIO - SENZU COFFEE ROASTERS\",\"isPartOf\":{\"@id\":\"https:\/\/senzucoffee.com\/#website\"},\"datePublished\":\"2019-07-15T14:42:09+00:00\",\"dateModified\":\"2022-03-08T18:07:05+00:00\",\"inLanguage\":\"en-GB\",\"potentialAction\":[{\"@type\":\"ReadAction\",\"target\":[\"https:\/\/senzucoffee.com\/informacao-portes-de-envio\/\"]}]}]}<\/script>\n<!-- \/ Yoast SEO plugin. -->","_links":{"self":[{"href":"https:\/\/senzucoffee.com\/en\/wp-json\/wp\/v2\/pages\/644"}],"collection":[{"href":"https:\/\/senzucoffee.com\/en\/wp-json\/wp\/v2\/pages"}],"about":[{"href":"https:\/\/senzucoffee.com\/en\/wp-json\/wp\/v2\/types\/page"}],"author":[{"embeddable":true,"href":"https:\/\/senzucoffee.com\/en\/wp-json\/wp\/v2\/users\/1"}],"replies":[{"embeddable":true,"href":"https:\/\/senzucoffee.com\/en\/wp-json\/wp\/v2\/comments?post=644"}],"version-history":[{"count":9,"href":"https:\/\/senzucoffee.com\/en\/wp-json\/wp\/v2\/pages\/644\/revisions"}],"predecessor-version":[{"id":13648,"href":"https:\/\/senzucoffee.com\/en\/wp-json\/wp\/v2\/pages\/644\/revisions\/13648"}],"wp:attachment":[{"href":"https:\/\/senzucoffee.com\/en\/wp-json\/wp\/v2\/media?parent=644"}],"curies":[{"name":"wp","href":"https:\/\/api.w.org\/{rel}","templated":true}]}}