{"id":640,"date":"2019-07-15T14:22:39","date_gmt":"2019-07-15T14:22:39","guid":{"rendered":"https:\/\/senzucoffee.com\/?page_id=640"},"modified":"2019-07-19T16:50:05","modified_gmt":"2019-07-19T16:50:05","slug":"termos-e-condicoes","status":"publish","type":"page","link":"https:\/\/senzucoffee.com\/en\/termos-e-condicoes\/","title":{"rendered":"TERMS AND CONDITIONS"},"content":{"rendered":"<p>Senzu Coffee Roasters\u00ae is committed to maintaining trust with users of our Website. The\nterms below govern your use of the Website.<\/p>\n<p>1. Acceptable use<br \/>\nPlease feel free to explore our Website and, where available, contribute material to it, such\nas questions, posts and multimedia content (e.g. pictures, videos).<br \/>\nHowever, use of the Website and materials posted to it should not be illegal or offensive in\nany way. You should be mindful not to:<br \/>\n(a) breach another person\u2019s right to privacy;<br \/>\n(b) infringe any intellectual property rights;<br \/>\n(c) make statements that are defamatory (including towards Senzu Coffee Roasters\u00ae),\nrelate to pornography, are of a racist or xenophobic nature, promote hatred or incite to\nviolence or disorder;<br \/>\n(d) upload files that contain viruses or may lead to security issues; or<br \/>\n(e) otherwise jeopardize the integrity of the Website.<\/p>\n<p>Please note that Senzu Coffee Roasters\u00ae may remove any content from the Website that it\nbelieves maybe illegal or offensive.<\/p>\n<p>2. Data protection<br \/>\nOur Privacy Notice applies to any personal data or material shared on this Website.<\/p>\n<p>3. Intellectual property<br \/>\n3.1. Content provided by Senzu Coffee Roasters\u00ae<br \/>\nAll intellectual property rights, including copyright and trademarks, in materials published by\nor on behalf of Senzu Coffee Roasters\u00ae on the Website (e.g. text and images) are owned\nby Senzu Coffee Roasters\u00ae or its licensors.<br \/>\nYou may reproduce extracts of the Website for your own private use (i.e. non-commercial\nuse) provided that you keep intact and respect all intellectual property rights, including any\ncopyright notice which may appear on such content.<br \/>\n3.2. Content provided by You<br \/>\nYou represent to Senzu Coffee Roasters\u00ae that you are either the author of the content that\nyou contribute to this Website, or that you have the rights (ie: have been given permission\nby the rights holder) and are able to contribute such content (e.g. pictures, videos, music)\nto the Website.<\/p>\n<p>You agree that such content will be treated as non-confidential and you grant Senzu Coffee\nRoasters\u00ae a royalty free, perpetual, worldwide licence to use (including to disclose,\nreproduce, transmit, publish, or broadcast) the content you provide for purposes relating to\nits business.<br \/>\nPlease note that Senzu Coffee Roasters\u00ae is free to decide whether or not to use this\ncontent and that Senzu Coffee Roasters\u00ae may already have developed similar content or\nhave obtained such content from other sources, in which case all intellectual property rights\nin this content remains with Senzu Coffee Roasters\u00ae and its licensors.<br \/>\n3.3. Rules governing consumer ratings and review service<br \/>\nIn addition to these terms the following additional rules apply for ratings and review\nservices. In order to submit any content to any rating and review service available on this\nWebsite (such as text, photo, video, likeness or other material or information), you must be\n18 years of age or older, or have received the consent of the person\/s exercising parental\nauthority. If you have received prior payment or promise of payment in return for your\nproposed submission; or if you have received an incentive such as free product, discounts,\ngifts, sweepstakes entries you will disclose it in your submission. If you are a Senzu Coffee\nRoasters\u00ae employee or work for a company or agency hired by Senzu Coffee Roasters\u00ae,\nyou have disclosed that relationship.\nAll content that you submit is accurate and is based upon your actual experience with the\nproduct being reviewed. It shall not include any information that references other websites,\naddresses, email addresses, contact information or phone numbers. You are responsible\nfor the content of your submission, not Senzu Coffee Roasters\u00ae.<\/p>\n<p>4. Liability<br \/>\nWhile Senzu Coffee Roasters\u00ae uses all reasonable efforts to ensure the accuracy of\nmaterials on our Website and to avoid disruptions, we are not responsible for inaccurate\ninformation, disruptions, discontinuance or other events which may cause you damage,\neither direct (e.g. computer failure) or indirect (e.g. loss of profit). Any reliance upon\nmaterials on this Website shall be at your own risk.\nThis Website may contain links to websites outside of Senzu Coffee Roasters\u00ae. Senzu\nCoffee Roasters\u00ae has no control over such third party websites, does not necessarily\nendorse them and accepts no responsibility for them, including as to their content, accuracy\nor function. As a result, we invite you to carefully review the legal notices of such third party\nwebsites, including keeping yourself informed of any changes to them.\nYou may operate a third party website and wish to link to this Website. In this case, Senzu\nCoffee Roasters\u00ae does not object to such linking provided that you do not suggest in any\nway that you are affiliated with or endorsed by Senzu Coffee Roasters\u00ae. You must not use\n\u201cframing\u201d or similar practices, and must ensure that the link to the Website opens in a new\nwindow.<\/p>\n<p>5. Contact us<br \/>\nThis Website is operated by Senzu Coffee Roasters\u00ae, Rua Duque de Loul\u00e9 185, 4000-325 Porto, Portugal.\nIf you have any question or comment regarding the Website, please feel free to contact us.\nCompany name Diogo Miguel Ferreira Amorim with VAT number PT208238697.<\/p>\n<p>6. Changes<br \/>\nSenzu Coffee Roasters\u00ae reserves the right to make changes to these terms of use. Please\nrefer to this page from time to time to review these terms of use and any new information.<\/p>\n<p>7. Governing law and jurisdiction<br \/>\nYou and Senzu Coffee Roasters\u00ae agree that any claim, dispute or conflict resolution\nrelating to Senzu Coffee Roasters\u00ae shall be governed by the law of Portugal, through\nTribunal Arbitral de Consumo \u2013 Centro de Informa\u00e7\u00e3o de Consumo e Arbitragem do Porto,\nRua Dami\u00e3o de G\u00f3is, 31 \u2013 Loja 6 \u2013 4050-225 Porto, www.cicap.pt.<\/p>\n<p>8. Returns and Cancel<br \/>\n8.1 The products ordered will be delivered to the address indicated by the customer, and shipping costs will be partially supported by the costumer.<br \/>\n8.2 The ordered goods will be delivered via a service provider designated for that purpose.<br \/>\n8.3 It is for the customer to verify the quantity and condition of the goods when the respective delivery.<br \/>\n8.4 In case the client detect damage or missing items , must notify and file complaints with the Senzu Coffee Roasters\u00ae  in the following 7 days to delivery . In such circumstances, Senzu Coffee Roasters\u00ae will provide you with identical replacement merchandise.<br \/>\n8.5 The consumer has the right of withdrawal from this contract within 14 calendar days, without giving any reason.<br \/>\n8.6 The period for exercising the right of withdrawal shall expire 14 days from the day following the day on which the costumer acquires, or a third party designated by him, other than the carrier, the physical possession of the property.<br \/>\n8.7 In order to exercise his right of withdrawal, must communicate by letter to the address given in paragraph 5. , or by email to senzucoffeeroasters@gmail.com expressing its decision to terminate this contract by a clear statement (eg , letter sent by post or email ).<br \/>\n8.8 In order for the period of withdrawal to be respected, the communication concerning the exercise of the right of withdrawal can be sent before the end of the withdrawal period.<br \/>\n8.9 Upon termination of this contract, you will be refunded all payments made, including the cost of delivery (except for additional costs resulting from the choice of a different type of shipping from the least expensive type of standard delivery by us offered) without undue delay and in any event no later than 14 days from the date on which we are informed of its decision to terminate this contract.<br \/>\n8.10 We have carried out such reimbursement using the same means of payment used in the initial transaction, unless expressly agreed otherwise with you; in any case, does not incur any costs as a result of such reimbursement . We may withhold reimbursement until we have received the goods back, or even to provide proof of shipment of the goods, whichever occurs first.<br \/>\n8.11 You must return the goods without undue delay and no later than 14 days from the day on which the resolution of freedom of contract is informed. It is considered that the deadline is met if you return the goods before the deadline of 14 days. You will have to bear the direct cost of returning the goods.<br \/>\n8.12 It will only be responsible for the depreciation of the goods resulting from the handling other than what is necessary to establish the nature, characteristics and functioning of the goods only.<\/p>\n<p>Copyright\u00a9 July 2019 Senzu Coffee Roasters\u00ae<\/p>","protected":false},"excerpt":{"rendered":"<p>Senzu Coffee Roasters\u00ae est\u00e1 empenhada em manter a confian\u00e7a dos utilizadores do nosso Website. Os termos que se seguem regulam a utiliza\u00e7\u00e3o do Website por si. 1. Regras Gerais de<\/p>","protected":false},"author":1,"featured_media":0,"parent":0,"menu_order":0,"comment_status":"closed","ping_status":"closed","template":"","meta":[],"yoast_head":"<!-- This site is optimized with the Yoast SEO plugin v15.6.2 - https:\/\/yoast.com\/wordpress\/plugins\/seo\/ -->\n<title>TERMOS E CONDI\u00c7\u00d5ES - SENZU COFFEE ROASTERS<\/title>\n<meta name=\"robots\" content=\"index, follow, max-snippet:-1, max-image-preview:large, max-video-preview:-1\" \/>\n<link rel=\"canonical\" href=\"https:\/\/senzucoffee.com\/en\/termos-e-condicoes\/\" \/>\n<meta property=\"og:locale\" content=\"en_GB\" \/>\n<meta property=\"og:type\" content=\"article\" \/>\n<meta property=\"og:title\" content=\"TERMOS E CONDI\u00c7\u00d5ES - SENZU COFFEE ROASTERS\" \/>\n<meta property=\"og:description\" content=\"Senzu Coffee Roasters\u00ae est\u00e1 empenhada em manter a confian\u00e7a dos utilizadores do nosso Website. Os termos que se seguem regulam a utiliza\u00e7\u00e3o do Website por si. 1. Regras Gerais de\" \/>\n<meta property=\"og:url\" content=\"https:\/\/senzucoffee.com\/en\/termos-e-condicoes\/\" \/>\n<meta property=\"og:site_name\" content=\"SENZU COFFEE ROASTERS\" \/>\n<meta property=\"article:publisher\" content=\"https:\/\/www.facebook.com\/senzucoffeeroasters\/\" \/>\n<meta property=\"article:modified_time\" content=\"2019-07-19T16:50:05+00:00\" \/>\n<meta name=\"twitter:card\" content=\"summary_large_image\" \/>\n<meta name=\"twitter:label1\" content=\"Estimated reading time\">\n\t<meta name=\"twitter:data1\" content=\"8 minutes\">\n<script type=\"application\/ld+json\" class=\"yoast-schema-graph\">{\"@context\":\"https:\/\/schema.org\",\"@graph\":[{\"@type\":\"Organization\",\"@id\":\"https:\/\/senzucoffee.com\/#organization\",\"name\":\"Senzu Coffee Roasters\",\"url\":\"https:\/\/senzucoffee.com\/\",\"sameAs\":[\"https:\/\/www.facebook.com\/senzucoffeeroasters\/\",\"https:\/\/www.instagram.com\/senzucoffeeroasters\"],\"logo\":{\"@type\":\"ImageObject\",\"@id\":\"https:\/\/senzucoffee.com\/#logo\",\"inLanguage\":\"en-GB\",\"url\":\"https:\/\/senzucoffee.com\/wp-content\/uploads\/2019\/07\/Backgroung_Senzu_f.jpg\",\"width\":2047,\"height\":1365,\"caption\":\"Senzu Coffee Roasters\"},\"image\":{\"@id\":\"https:\/\/senzucoffee.com\/#logo\"}},{\"@type\":\"WebSite\",\"@id\":\"https:\/\/senzucoffee.com\/#website\",\"url\":\"https:\/\/senzucoffee.com\/\",\"name\":\"SENZU COFFEE ROASTERS\",\"description\":\"Caf\\u00e9s de Especialidade\",\"publisher\":{\"@id\":\"https:\/\/senzucoffee.com\/#organization\"},\"potentialAction\":[{\"@type\":\"SearchAction\",\"target\":\"https:\/\/senzucoffee.com\/?s={search_term_string}\",\"query-input\":\"required name=search_term_string\"}],\"inLanguage\":\"en-GB\"},{\"@type\":\"WebPage\",\"@id\":\"https:\/\/senzucoffee.com\/termos-e-condicoes\/#webpage\",\"url\":\"https:\/\/senzucoffee.com\/termos-e-condicoes\/\",\"name\":\"TERMOS E CONDI\\u00c7\\u00d5ES - SENZU COFFEE ROASTERS\",\"isPartOf\":{\"@id\":\"https:\/\/senzucoffee.com\/#website\"},\"datePublished\":\"2019-07-15T14:22:39+00:00\",\"dateModified\":\"2019-07-19T16:50:05+00:00\",\"inLanguage\":\"en-GB\",\"potentialAction\":[{\"@type\":\"ReadAction\",\"target\":[\"https:\/\/senzucoffee.com\/termos-e-condicoes\/\"]}]}]}<\/script>\n<!-- \/ Yoast SEO plugin. -->","_links":{"self":[{"href":"https:\/\/senzucoffee.com\/en\/wp-json\/wp\/v2\/pages\/640"}],"collection":[{"href":"https:\/\/senzucoffee.com\/en\/wp-json\/wp\/v2\/pages"}],"about":[{"href":"https:\/\/senzucoffee.com\/en\/wp-json\/wp\/v2\/types\/page"}],"author":[{"embeddable":true,"href":"https:\/\/senzucoffee.com\/en\/wp-json\/wp\/v2\/users\/1"}],"replies":[{"embeddable":true,"href":"https:\/\/senzucoffee.com\/en\/wp-json\/wp\/v2\/comments?post=640"}],"version-history":[{"count":4,"href":"https:\/\/senzucoffee.com\/en\/wp-json\/wp\/v2\/pages\/640\/revisions"}],"predecessor-version":[{"id":811,"href":"https:\/\/senzucoffee.com\/en\/wp-json\/wp\/v2\/pages\/640\/revisions\/811"}],"wp:attachment":[{"href":"https:\/\/senzucoffee.com\/en\/wp-json\/wp\/v2\/media?parent=640"}],"curies":[{"name":"wp","href":"https:\/\/api.w.org\/{rel}","templated":true}]}}