{"id":2,"date":"2019-05-03T11:59:05","date_gmt":"2019-05-03T11:59:05","guid":{"rendered":"https:\/\/senzucoffee.com\/?page_id=2"},"modified":"2019-10-23T09:17:41","modified_gmt":"2019-10-23T09:17:41","slug":"pagina-exemplo","status":"publish","type":"page","link":"https:\/\/senzucoffee.com\/en\/pagina-exemplo\/","title":{"rendered":"Exemplo de p\u00e1gina"},"content":{"rendered":"<p>[vc_row][vc_column][vc_column_text]Isto \u00e9 um exemplo de p\u00e1gina. \u00c9 diferente de um artigo porque fica no mesmo s\u00edtio e aparece na navega\u00e7\u00e3o do seu site (na maior parte dos temas). O normal \u00e9 come\u00e7ar com uma p\u00e1gina &#8220;Sobre mim&#8221;\/&#8221;Sobre n\u00f3s&#8221;, que apresenta o site aos visitantes. Pode ser qualquer coisa deste tipo:<\/p>\r\n<p><br \/>\r\n<\/p>\r\n<blockquote class=\"wp-block-quote\"><p>Ol\u00e1! Fa\u00e7o entregas durante o dia, mas estudo para ser actor \u00e0 noite. Este \u00e9 o meu site. Vivo em Lisboa, tenho um c\u00e3o chamado Belarmino e gosto de caipirinhas (e de ver a relva a crescer).<\/p><\/blockquote>\r\n<p>&#8230; ou algo como isto:<\/p>\r\n<p><br \/>\r\n<\/p>\r\n<blockquote class=\"wp-block-quote\"><p>A Gambozinos XPTO foi fundada em 1971 e tem, desde ent\u00e3o, fornecido gambuzinos da mais alta qualidade aos seus clientes. Localizada em Gotham, a Gambozinos XPTO emprega mais de 2 000 colaboradores, e \u00e9 um dos pilares da comunidade.<\/p><\/blockquote>\r\n<p>Como novo utilizador do WordPress, deveria ir ao <a href=\"https:\/\/senzucoffee.com\/wp-admin\/\">seu painel<\/a> para eliminar esta p\u00e1gina e criar novas p\u00e1ginas do seu pr\u00f3prio conte\u00fado. Divirta-se!<\/p>\r\n<p>[\/vc_column_text][\/vc_column][vc_column]<div id=\"dfd-button-69e092d8b7d98\" class=\"dfd-button-module-wrap dfd-button-69e092d8b7d98\"><div class=\"dfd-button-module  style_1 text-left dfd-horizontal dfd-top-to-bottom dfd-button-icon-left dfd-button-icon-hover-simple\" ><a href=\"https:\/\/senzucoffee.com\/#specialty-coffees\" class=\"dfd-button-link\"><span class=\"dfd-button-inner-cover\"><span class=\"dfd-button-text-main\">Online Coffees<\/span><\/span><\/a><\/div><script type=\"text\/javascript\">\r\n\t\t\t\t\t\t\t\t\t(function($) {$(\"head\").append(\"<style>#dfd-button-69e092d8b7d98.dfd-button-module-wrap .dfd-button-module .dfd-button-link .dfd-button-inner-cover .dfd-button-text-main,.dfd-button-69e092d8b7d98.dfd-button-module-wrap .dfd-button-module .dfd-button-link .dfd-button-inner-cover .dfd-button-text-main {color: #ffffff}#dfd-button-69e092d8b7d98.dfd-button-module-wrap .dfd-button-module .dfd-button-link .dfd-button-inner-cover,.dfd-button-69e092d8b7d98.dfd-button-module-wrap .dfd-button-module .dfd-button-link .dfd-button-border-decoration,.dfd-button-69e092d8b7d98.dfd-button-module-wrap .dfd-button-module .dfd-button-link .dfd-button-inner-cover {border-radius:2px;}#dfd-button-69e092d8b7d98.dfd-button-module-wrap .dfd-button-module:not(.style_4) .dfd-button-link .dfd-button-inner-cover:before,#dfd-button-69e092d8b7d98.dfd-button-module-wrap .dfd-button-module.style_4 .dfd-button-link .dfd-button-inner-cover:after,#dfd-button-69e092d8b7d98.dfd-button-module-wrap .dfd-button-module.style_6 .dfd-button-link .dfd-button-inner-cover .dfd-button-text-main,.dfd-button-69e092d8b7d98.dfd-button-module-wrap .dfd-button-module:not(.style_4) .dfd-button-link .dfd-button-inner-cover:before,.dfd-button-69e092d8b7d98.dfd-button-module-wrap .dfd-button-module.style_4 .dfd-button-link .dfd-button-inner-cover:after,.dfd-button-69e092d8b7d98.dfd-button-module-wrap .dfd-button-module.style_6 .dfd-button-link .dfd-button-inner-cover .dfd-button-text-main {background: #1b1b1b;border-style:solid;border-width:1px;border-radius:2px;border-color:#1b1b1b;}#dfd-button-69e092d8b7d98.dfd-button-module-wrap .dfd-button-module:not(.style_6) .dfd-button-link:hover .dfd-button-inner-cover .dfd-button-text-main,#dfd-button-69e092d8b7d98.dfd-button-module-wrap .dfd-button-module .dfd-button-link .dfd-button-inner-cover .dfd-button-text-hover,.dfd-button-69e092d8b7d98.dfd-button-module-wrap .dfd-button-module:not(.style_6) .dfd-button-link:hover .dfd-button-inner-cover .dfd-button-text-main,.dfd-button-69e092d8b7d98.dfd-button-module-wrap .dfd-button-module .dfd-button-link .dfd-button-inner-cover .dfd-button-text-hover {color: #ffffff;}#dfd-button-69e092d8b7d98.dfd-button-module-wrap .dfd-button-module .dfd-button-link:hover .dfd-button-inner-cover,.dfd-button-69e092d8b7d98.dfd-button-module-wrap .dfd-button-module .dfd-button-link:hover .dfd-button-border-decoration,.dfd-button-69e092d8b7d98.dfd-button-module-wrap .dfd-button-module .dfd-button-link:hover .dfd-button-inner-cover {border-radius:2px;}#dfd-button-69e092d8b7d98.dfd-button-module-wrap .dfd-button-module:not(.style_4) .dfd-button-link .dfd-button-inner-cover:after,#dfd-button-69e092d8b7d98.dfd-button-module-wrap .dfd-button-module.style_4 .dfd-button-link .dfd-button-inner-cover:before,#dfd-button-69e092d8b7d98.dfd-button-module-wrap .dfd-button-module .dfd-button-link .dfd-button-inner-cover .dfd-button-text-hover .dfd-button-69e092d8b7d98.dfd-button-module-wrap .dfd-button-module:not(.style_4) .dfd-button-link .dfd-button-inner-cover:after,.dfd-button-69e092d8b7d98.dfd-button-module-wrap .dfd-button-module.style_4 .dfd-button-link .dfd-button-inner-cover:before,.dfd-button-69e092d8b7d98.dfd-button-module-wrap .dfd-button-module .dfd-button-link .dfd-button-inner-cover .dfd-button-text-hover {background: #c39f76;border-style:solid;border-width:1px;border-radius:2px;border-color:#c39f76;}#dfd-button-69e092d8b7d98.dfd-button-module-wrap .dfd-button-module.style_3 .dfd-button-link:hover .dfd-button-inner-cover:before,#dfd-button-69e092d8b7d98.dfd-button-module-wrap .dfd-button-module.style_4 .dfd-button-link:hover .dfd-button-inner-cover:before,.dfd-button-69e092d8b7d98.dfd-button-module-wrap .dfd-button-module.style_3 .dfd-button-link:hover .dfd-button-inner-cover:before,.dfd-button-69e092d8b7d98.dfd-button-module-wrap .dfd-button-module.style_4 .dfd-button-link:hover .dfd-button-inner-cover:before {border-style:solid;border-width:1px;border-radius:2px;border-color:#c39f76;}<\/style>\")\r\n\t\t\t\t\t\t\t\t\t})(jQuery);\r\n\t\t\t\t\t\t\t\t<\/script><\/div>[\/vc_column][\/vc_row]<\/p>","protected":false},"excerpt":{"rendered":"<p>[vc_row][vc_column][vc_column_text]Isto \u00e9 um exemplo de p\u00e1gina. \u00c9 diferente de um artigo porque fica no mesmo s\u00edtio e aparece na navega\u00e7\u00e3o do seu site (na maior parte dos temas). O normal<\/p>","protected":false},"author":1,"featured_media":0,"parent":0,"menu_order":0,"comment_status":"closed","ping_status":"open","template":"","meta":[],"yoast_head":"<!-- This site is optimized with the Yoast SEO plugin v15.6.2 - https:\/\/yoast.com\/wordpress\/plugins\/seo\/ -->\n<title>Exemplo de p\u00e1gina - SENZU COFFEE ROASTERS<\/title>\n<meta name=\"robots\" content=\"index, follow, max-snippet:-1, max-image-preview:large, max-video-preview:-1\" \/>\n<link rel=\"canonical\" href=\"https:\/\/senzucoffee.com\/en\/pagina-exemplo\/\" \/>\n<meta property=\"og:locale\" content=\"en_GB\" \/>\n<meta property=\"og:type\" content=\"article\" \/>\n<meta property=\"og:title\" content=\"Exemplo de p\u00e1gina - SENZU COFFEE ROASTERS\" \/>\n<meta property=\"og:description\" content=\"[vc_row][vc_column][vc_column_text]Isto \u00e9 um exemplo de p\u00e1gina. \u00c9 diferente de um artigo porque fica no mesmo s\u00edtio e aparece na navega\u00e7\u00e3o do seu site (na maior parte dos temas). O normal\" \/>\n<meta property=\"og:url\" content=\"https:\/\/senzucoffee.com\/en\/pagina-exemplo\/\" \/>\n<meta property=\"og:site_name\" content=\"SENZU COFFEE ROASTERS\" \/>\n<meta property=\"article:publisher\" content=\"https:\/\/www.facebook.com\/senzucoffeeroasters\/\" \/>\n<meta property=\"article:modified_time\" content=\"2019-10-23T09:17:41+00:00\" \/>\n<meta name=\"twitter:card\" content=\"summary_large_image\" \/>\n<meta name=\"twitter:label1\" content=\"Estimated reading time\">\n\t<meta name=\"twitter:data1\" content=\"1 minute\">\n<script type=\"application\/ld+json\" class=\"yoast-schema-graph\">{\"@context\":\"https:\/\/schema.org\",\"@graph\":[{\"@type\":\"Organization\",\"@id\":\"https:\/\/senzucoffee.com\/#organization\",\"name\":\"Senzu Coffee Roasters\",\"url\":\"https:\/\/senzucoffee.com\/\",\"sameAs\":[\"https:\/\/www.facebook.com\/senzucoffeeroasters\/\",\"https:\/\/www.instagram.com\/senzucoffeeroasters\"],\"logo\":{\"@type\":\"ImageObject\",\"@id\":\"https:\/\/senzucoffee.com\/#logo\",\"inLanguage\":\"en-GB\",\"url\":\"https:\/\/senzucoffee.com\/wp-content\/uploads\/2019\/07\/Backgroung_Senzu_f.jpg\",\"width\":2047,\"height\":1365,\"caption\":\"Senzu Coffee Roasters\"},\"image\":{\"@id\":\"https:\/\/senzucoffee.com\/#logo\"}},{\"@type\":\"WebSite\",\"@id\":\"https:\/\/senzucoffee.com\/#website\",\"url\":\"https:\/\/senzucoffee.com\/\",\"name\":\"SENZU COFFEE ROASTERS\",\"description\":\"Caf\\u00e9s de Especialidade\",\"publisher\":{\"@id\":\"https:\/\/senzucoffee.com\/#organization\"},\"potentialAction\":[{\"@type\":\"SearchAction\",\"target\":\"https:\/\/senzucoffee.com\/?s={search_term_string}\",\"query-input\":\"required name=search_term_string\"}],\"inLanguage\":\"en-GB\"},{\"@type\":\"WebPage\",\"@id\":\"https:\/\/senzucoffee.com\/pagina-exemplo\/#webpage\",\"url\":\"https:\/\/senzucoffee.com\/pagina-exemplo\/\",\"name\":\"Exemplo de p\\u00e1gina - SENZU COFFEE ROASTERS\",\"isPartOf\":{\"@id\":\"https:\/\/senzucoffee.com\/#website\"},\"datePublished\":\"2019-05-03T11:59:05+00:00\",\"dateModified\":\"2019-10-23T09:17:41+00:00\",\"inLanguage\":\"en-GB\",\"potentialAction\":[{\"@type\":\"ReadAction\",\"target\":[\"https:\/\/senzucoffee.com\/pagina-exemplo\/\"]}]}]}<\/script>\n<!-- \/ Yoast SEO plugin. -->","_links":{"self":[{"href":"https:\/\/senzucoffee.com\/en\/wp-json\/wp\/v2\/pages\/2"}],"collection":[{"href":"https:\/\/senzucoffee.com\/en\/wp-json\/wp\/v2\/pages"}],"about":[{"href":"https:\/\/senzucoffee.com\/en\/wp-json\/wp\/v2\/types\/page"}],"author":[{"embeddable":true,"href":"https:\/\/senzucoffee.com\/en\/wp-json\/wp\/v2\/users\/1"}],"replies":[{"embeddable":true,"href":"https:\/\/senzucoffee.com\/en\/wp-json\/wp\/v2\/comments?post=2"}],"version-history":[{"count":4,"href":"https:\/\/senzucoffee.com\/en\/wp-json\/wp\/v2\/pages\/2\/revisions"}],"predecessor-version":[{"id":4859,"href":"https:\/\/senzucoffee.com\/en\/wp-json\/wp\/v2\/pages\/2\/revisions\/4859"}],"wp:attachment":[{"href":"https:\/\/senzucoffee.com\/en\/wp-json\/wp\/v2\/media?parent=2"}],"curies":[{"name":"wp","href":"https:\/\/api.w.org\/{rel}","templated":true}]}}